{"id":151,"date":"2021-03-20T18:57:26","date_gmt":"2021-03-20T18:57:26","guid":{"rendered":"https:\/\/isen.es\/?page_id=151"},"modified":"2023-04-10T17:49:26","modified_gmt":"2023-04-10T15:49:26","slug":"oferta-academica","status":"publish","type":"page","link":"https:\/\/isen.es\/en\/oferta-academica\/","title":{"rendered":"Academic Offer"},"content":{"rendered":"<div class=\"vc_row wpb_row vc_row-fluid\"><div class=\"contenedor_filtro_azul_of_ac wpb_column vc_column_container vc_col-sm-12 vc_col-has-fill\"><div class=\"vc_column-inner vc_custom_1620812767768\"><div class=\"wpb_wrapper\"><div class=\"vc_row wpb_row vc_inner vc_row-fluid vc_custom_1617962310846\"><div class=\"contenedor_filtro_azul_of_ac_all wpb_column vc_column_container vc_col-sm-12\"><div class=\"vc_column-inner vc_custom_1616267773524\"><div class=\"wpb_wrapper\"><h1 style=\"text-align: left\" class=\"vc_custom_heading txt_oferta_h1 vc_custom_1617962023412\" >Academic Offer<\/h1>\n\t<div class=\"wpb_text_column wpb_content_element  vc_custom_1617962042077 contenedor_filtro_azul_of_ac_all txt_sub_oferta_h1\" >\n\t\t<div class=\"wpb_wrapper\">\n\t\t\t<p>Grados Universitarios, M\u00e1sters y<br \/>\nPrograma Internacional.<\/p>\n\n\t\t<\/div>\n\t<\/div>\n<\/div><\/div><\/div><\/div><\/div><\/div><\/div><\/div><div class=\"vc_row wpb_row vc_row-fluid contenedor_text_v vc_custom_1617789378049 vc_row-o-full-height vc_row-o-columns-bottom vc_row-o-equal-height vc_row-o-content-middle vc_row-flex\"><div class=\"wpb_column vc_column_container vc_col-sm-1 vc_col-has-fill\"><div class=\"vc_column-inner vc_custom_1619692197333\"><div class=\"wpb_wrapper\">\n\t<div class=\"wpb_text_column wpb_content_element  vc_custom_1617962623118\" >\n\t\t<div class=\"wpb_wrapper\">\n\t\t\t<p class=\"txt_1h_v_fp\" style=\"text-align: center;\"><span class=\"ao\">Studies<\/span><\/p>\n\n\t\t<\/div>\n\t<\/div>\n<\/div><\/div><\/div><div class=\"wpb_column vc_column_container vc_col-sm-11\"><div class=\"vc_column-inner vc_custom_1619692785117\"><div class=\"wpb_wrapper\"><div class=\"vc_tta-container\" data-vc-action=\"collapseAll\"><div class=\"vc_general vc_tta vc_tta-accordion vc_tta-color-white vc_tta-style-classic vc_tta-shape-rounded vc_tta-o-shape-group vc_tta-controls-align-left vc_tta-o-all-clickable  acordeon_h1 vc_custom_1681141413437\"><div class=\"vc_tta-panels-container\"><div class=\"vc_tta-panels\"><div class=\"vc_tta-panel\" id=\"Grados\" data-vc-content=\".vc_tta-panel-body\"><div class=\"vc_tta-panel-heading\"><h4 class=\"vc_tta-panel-title\"><a href=\"#Grados\" data-vc-accordion data-vc-container=\".vc_tta-container\"><span class=\"vc_tta-title-text\">Bachelor\u2019s<\/span><i class=\"vc_tta-icon vc-material vc-material-arrow_downward\"><\/i><\/a><\/h4><\/div><div class=\"vc_tta-panel-body\"><p style=\"text-align: left\" class=\"vc_custom_heading enlace_global_fleha_de\" ><a href=\"https:\/\/isen.es\/en\/grados\/grado-en-educacion-infantil\/\" title=\"Degree in Preschool Education\">Degree in Preschool Education<\/a><\/p><p style=\"text-align: left\" class=\"vc_custom_heading enlace_global_fleha_de\" ><a href=\"https:\/\/isen.es\/en\/grados\/grado-en-educacion-primaria\/\" title=\"Degree in Primary Education\">Degree in Primary Education<\/a><\/p><p style=\"text-align: left\" class=\"vc_custom_heading enlace_global_fleha_de\" ><a href=\"https:\/\/isen.es\/en\/grados\/degree-in-primary-education-bilingual-group\/\" title=\"Degree in Primary Education, Bilingual group\">Degree in Primary Education, Bilingual group<\/a><\/p><p style=\"text-align: left\" class=\"vc_custom_heading enlace_global_fleha_de\" ><a href=\"https:\/\/isen.es\/en\/grados\/pceo-programacion-conjunta-de-estudios-oficiales-educacion-infantil-educacion-primaria\/\" title=\"Dual Degree in Preschool Education + Primary Education\">Dual Degree in Preschool Education + Primary Education<\/a><\/p><p style=\"text-align: left\" class=\"vc_custom_heading enlace_global_fleha_de\" ><a href=\"https:\/\/isen.es\/en\/grados\/grado-en-seguridad-menciones-publica-y-privada\/\" title=\"Grado en Seguridad (Menciones P\u00fablica y Privada)\">Degree in Security  \u2013 Online and On-site<\/a><\/p><p style=\"text-align: left\" class=\"vc_custom_heading enlace_global_fleha_de\" ><a href=\"https:\/\/isen.es\/en\/grados\/grado-en-seguridad-pceo-programacion-conjunta-de-estudios-oficiales-criminologia-seguridad\/\" title=\"Dual Degree in Security and Criminology\">Dual Degree in Security and Criminology<\/a><\/p><\/div><\/div><div class=\"vc_tta-panel\" id=\"M\u00e1steres\" data-vc-content=\".vc_tta-panel-body\"><div class=\"vc_tta-panel-heading\"><h4 class=\"vc_tta-panel-title\"><a href=\"#M\u00e1steres\" data-vc-accordion data-vc-container=\".vc_tta-container\"><span class=\"vc_tta-title-text\">M\u00e1ster<\/span><i class=\"vc_tta-icon vc-material vc-material-arrow_downward\"><\/i><\/a><\/h4><\/div><div class=\"vc_tta-panel-body\"><p style=\"text-align: left\" class=\"vc_custom_heading enlace_global_fleha_de\" ><a href=\"https:\/\/isen.es\/en\/masters\/investigacion-e-innovacion-en-educacion-infantil-y-educacion-primaria\/\" title=\"Master\u2019s Degree in Research and Innovation in Preschool and Primary Education\">Master\u2019s Degree in Research and Innovation in Preschool and Primary Education<\/a><\/p><\/div><\/div><div class=\"vc_tta-panel\" id=\"Programa-Internacional\" data-vc-content=\".vc_tta-panel-body\"><div class=\"vc_tta-panel-heading\"><h4 class=\"vc_tta-panel-title\"><a href=\"#Programa-Internacional\" data-vc-accordion data-vc-container=\".vc_tta-container\"><span class=\"vc_tta-title-text\">International Program<\/span><i class=\"vc_tta-icon vc-material vc-material-arrow_downward\"><\/i><\/a><\/h4><\/div><div class=\"vc_tta-panel-body\"><p style=\"text-align: left\" class=\"vc_custom_heading enlace_global_fleha_de\" ><a href=\"https:\/\/isen.es\/en\/programa\/curso-superior-en-seguridad-e-inteligencia-estrategica\/\" title=\"Advanced Course in Security and Strategic Intelligence\">Advanced Course in Security and Strategic Intelligence<\/a><\/p><\/div><\/div><\/div><\/div><\/div><\/div><h3 style=\"text-align: left\" class=\"vc_custom_heading btn_h1_fp vc_custom_1621433992406\" ><a href=\"https:\/\/isenfp.fellasdevs.com\/\" target=\"_blank\" title=\"Isen-fp\">Vocational Training<\/a><\/h3><\/div><\/div><\/div><\/div><div class=\"vc_row wpb_row vc_row-fluid\"><div class=\"wpb_column vc_column_container vc_col-sm-12\"><div class=\"vc_column-inner\"><div class=\"wpb_wrapper\"><\/div><\/div><\/div><\/div>","protected":false},"excerpt":{"rendered":"Oferta Acad\u00e9mica Grados Universitarios, M\u00e1sters y Programa Internacional. Estudios GradosGrado en Educaci\u00f3n InfantilGrado en Educaci\u00f3n PrimariaGrado en Educaci\u00f3n Primaria Biling\u00fce en Ingl\u00e9s (Degree in Primary [...]","protected":false},"author":2,"featured_media":0,"parent":0,"menu_order":0,"comment_status":"closed","ping_status":"closed","template":"","meta":{"_acf_changed":false,"inline_featured_image":false,"footnotes":""},"class_list":["post-151","page","type-page","status-publish","hentry"],"acf":[],"yoast_head":"<!-- This site is optimized with the Yoast SEO plugin v27.4 - https:\/\/yoast.com\/product\/yoast-seo-wordpress\/ -->\n<title>Oferta Acad\u00e9mica - ISEN Centro Universitario<\/title>\n<meta name=\"robots\" content=\"index, follow, max-snippet:-1, max-image-preview:large, max-video-preview:-1\" \/>\n<link rel=\"canonical\" href=\"https:\/\/isen.es\/en\/oferta-academica\/\" \/>\n<meta property=\"og:locale\" content=\"en_GB\" \/>\n<meta property=\"og:type\" content=\"article\" \/>\n<meta property=\"og:title\" content=\"Oferta Acad\u00e9mica - ISEN Centro Universitario\" \/>\n<meta property=\"og:url\" content=\"https:\/\/isen.es\/en\/oferta-academica\/\" \/>\n<meta property=\"og:site_name\" content=\"ISEN Centro Universitario\" \/>\n<meta property=\"article:modified_time\" content=\"2023-04-10T15:49:26+00:00\" \/>\n<meta name=\"twitter:card\" content=\"summary_large_image\" \/>\n<meta name=\"twitter:label1\" content=\"Estimated reading time\" \/>\n\t<meta name=\"twitter:data1\" content=\"3 minutes\" \/>\n<script type=\"application\/ld+json\" class=\"yoast-schema-graph\">{\"@context\":\"https:\\\/\\\/schema.org\",\"@graph\":[{\"@type\":\"WebPage\",\"@id\":\"https:\\\/\\\/isen.es\\\/oferta-academica\\\/\",\"url\":\"https:\\\/\\\/isen.es\\\/oferta-academica\\\/\",\"name\":\"Oferta Acad\u00e9mica - ISEN Centro Universitario\",\"isPartOf\":{\"@id\":\"https:\\\/\\\/isen.es\\\/#website\"},\"datePublished\":\"2021-03-20T18:57:26+00:00\",\"dateModified\":\"2023-04-10T15:49:26+00:00\",\"breadcrumb\":{\"@id\":\"https:\\\/\\\/isen.es\\\/oferta-academica\\\/#breadcrumb\"},\"inLanguage\":\"en-GB\",\"potentialAction\":[{\"@type\":\"ReadAction\",\"target\":[\"https:\\\/\\\/isen.es\\\/oferta-academica\\\/\"]}]},{\"@type\":\"BreadcrumbList\",\"@id\":\"https:\\\/\\\/isen.es\\\/oferta-academica\\\/#breadcrumb\",\"itemListElement\":[{\"@type\":\"ListItem\",\"position\":1,\"name\":\"Portada\",\"item\":\"https:\\\/\\\/isen.es\\\/\"},{\"@type\":\"ListItem\",\"position\":2,\"name\":\"Oferta Acad\u00e9mica\"}]},{\"@type\":\"WebSite\",\"@id\":\"https:\\\/\\\/isen.es\\\/#website\",\"url\":\"https:\\\/\\\/isen.es\\\/\",\"name\":\"ISEN Centro Universitario\",\"description\":\"Facultad Adscrita a la Universidad de Murcia\",\"publisher\":{\"@id\":\"https:\\\/\\\/isen.es\\\/#organization\"},\"potentialAction\":[{\"@type\":\"SearchAction\",\"target\":{\"@type\":\"EntryPoint\",\"urlTemplate\":\"https:\\\/\\\/isen.es\\\/?s={search_term_string}\"},\"query-input\":{\"@type\":\"PropertyValueSpecification\",\"valueRequired\":true,\"valueName\":\"search_term_string\"}}],\"inLanguage\":\"en-GB\"},{\"@type\":\"Organization\",\"@id\":\"https:\\\/\\\/isen.es\\\/#organization\",\"name\":\"ISEN Centro Universitario\",\"url\":\"https:\\\/\\\/isen.es\\\/\",\"logo\":{\"@type\":\"ImageObject\",\"inLanguage\":\"en-GB\",\"@id\":\"https:\\\/\\\/isen.es\\\/#\\\/schema\\\/logo\\\/image\\\/\",\"url\":\"https:\\\/\\\/isen.es\\\/wp-content\\\/uploads\\\/2021\\\/05\\\/favicon-isen.png\",\"contentUrl\":\"https:\\\/\\\/isen.es\\\/wp-content\\\/uploads\\\/2021\\\/05\\\/favicon-isen.png\",\"width\":512,\"height\":512,\"caption\":\"ISEN Centro Universitario\"},\"image\":{\"@id\":\"https:\\\/\\\/isen.es\\\/#\\\/schema\\\/logo\\\/image\\\/\"}}]}<\/script>\n<!-- \/ Yoast SEO plugin. -->","yoast_head_json":{"title":"Oferta Acad\u00e9mica - ISEN Centro Universitario","robots":{"index":"index","follow":"follow","max-snippet":"max-snippet:-1","max-image-preview":"max-image-preview:large","max-video-preview":"max-video-preview:-1"},"canonical":"https:\/\/isen.es\/en\/oferta-academica\/","og_locale":"en_GB","og_type":"article","og_title":"Oferta Acad\u00e9mica - ISEN Centro Universitario","og_url":"https:\/\/isen.es\/en\/oferta-academica\/","og_site_name":"ISEN Centro Universitario","article_modified_time":"2023-04-10T15:49:26+00:00","twitter_card":"summary_large_image","twitter_misc":{"Estimated reading time":"3 minutes"},"schema":{"@context":"https:\/\/schema.org","@graph":[{"@type":"WebPage","@id":"https:\/\/isen.es\/oferta-academica\/","url":"https:\/\/isen.es\/oferta-academica\/","name":"Oferta Acad\u00e9mica - ISEN Centro Universitario","isPartOf":{"@id":"https:\/\/isen.es\/#website"},"datePublished":"2021-03-20T18:57:26+00:00","dateModified":"2023-04-10T15:49:26+00:00","breadcrumb":{"@id":"https:\/\/isen.es\/oferta-academica\/#breadcrumb"},"inLanguage":"en-GB","potentialAction":[{"@type":"ReadAction","target":["https:\/\/isen.es\/oferta-academica\/"]}]},{"@type":"BreadcrumbList","@id":"https:\/\/isen.es\/oferta-academica\/#breadcrumb","itemListElement":[{"@type":"ListItem","position":1,"name":"Portada","item":"https:\/\/isen.es\/"},{"@type":"ListItem","position":2,"name":"Oferta Acad\u00e9mica"}]},{"@type":"WebSite","@id":"https:\/\/isen.es\/#website","url":"https:\/\/isen.es\/","name":"ISEN Centro Universitario","description":"Facultad Adscrita a la Universidad de Murcia","publisher":{"@id":"https:\/\/isen.es\/#organization"},"potentialAction":[{"@type":"SearchAction","target":{"@type":"EntryPoint","urlTemplate":"https:\/\/isen.es\/?s={search_term_string}"},"query-input":{"@type":"PropertyValueSpecification","valueRequired":true,"valueName":"search_term_string"}}],"inLanguage":"en-GB"},{"@type":"Organization","@id":"https:\/\/isen.es\/#organization","name":"ISEN Centro Universitario","url":"https:\/\/isen.es\/","logo":{"@type":"ImageObject","inLanguage":"en-GB","@id":"https:\/\/isen.es\/#\/schema\/logo\/image\/","url":"https:\/\/isen.es\/wp-content\/uploads\/2021\/05\/favicon-isen.png","contentUrl":"https:\/\/isen.es\/wp-content\/uploads\/2021\/05\/favicon-isen.png","width":512,"height":512,"caption":"ISEN Centro Universitario"},"image":{"@id":"https:\/\/isen.es\/#\/schema\/logo\/image\/"}}]}},"_links":{"self":[{"href":"https:\/\/isen.es\/en\/wp-json\/wp\/v2\/pages\/151","targetHints":{"allow":["GET"]}}],"collection":[{"href":"https:\/\/isen.es\/en\/wp-json\/wp\/v2\/pages"}],"about":[{"href":"https:\/\/isen.es\/en\/wp-json\/wp\/v2\/types\/page"}],"author":[{"embeddable":true,"href":"https:\/\/isen.es\/en\/wp-json\/wp\/v2\/users\/2"}],"replies":[{"embeddable":true,"href":"https:\/\/isen.es\/en\/wp-json\/wp\/v2\/comments?post=151"}],"version-history":[{"count":107,"href":"https:\/\/isen.es\/en\/wp-json\/wp\/v2\/pages\/151\/revisions"}],"predecessor-version":[{"id":4170,"href":"https:\/\/isen.es\/en\/wp-json\/wp\/v2\/pages\/151\/revisions\/4170"}],"wp:attachment":[{"href":"https:\/\/isen.es\/en\/wp-json\/wp\/v2\/media?parent=151"}],"curies":[{"name":"wp","href":"https:\/\/api.w.org\/{rel}","templated":true}]}}