{"id":2017,"date":"2021-05-05T08:19:20","date_gmt":"2021-05-05T08:19:20","guid":{"rendered":"https:\/\/isen.es\/?page_id=2017"},"modified":"2021-09-21T11:04:21","modified_gmt":"2021-09-21T09:04:21","slug":"isen-alumni","status":"publish","type":"page","link":"https:\/\/isen.es\/en\/isen-alumni\/","title":{"rendered":"Isen alumni"},"content":{"rendered":"<div class=\"vc_row wpb_row vc_row-fluid\"><div class=\"contenedor_filtro_azul_of_ac wpb_column vc_column_container vc_col-sm-12 vc_col-has-fill\"><div class=\"vc_column-inner vc_custom_1620202783019\"><div class=\"wpb_wrapper\"><div class=\"vc_row wpb_row vc_inner vc_row-fluid vc_custom_1617966770784\"><div class=\"contenedor_filtro_azul_of_ac_all wpb_column vc_column_container vc_col-sm-12\"><div class=\"vc_column-inner vc_custom_1616267773524\"><div class=\"wpb_wrapper\"><h1 style=\"text-align: left\" class=\"vc_custom_heading txt_centro_h1 vc_custom_1616271968183\" >Isen alumni<\/h1>\n\t<div class=\"wpb_text_column wpb_content_element  contenedor_filtro_azul_of_ac_all txt_sub_centro_h1\" >\n\t\t<div class=\"wpb_wrapper\">\n\t\t\t<p class=\" translation-block\">Our former students, <br \/>our reason to be<\/p>\n\n\t\t<\/div>\n\t<\/div>\n\n\t<div class=\"wpb_text_column wpb_content_element\" >\n\t\t<div class=\"wpb_wrapper\">\n\t\t\t<p><a class=\"btn_prin_centro\" href=\"#Alumni\">Know more<\/a><\/p>\n\n\t\t<\/div>\n\t<\/div>\n<\/div><\/div><\/div><\/div><\/div><\/div><\/div><\/div><div id=\"Alumni\" class=\"vc_row wpb_row vc_row-fluid contenedor_text_v vc_row-o-full-height vc_row-o-columns-middle vc_row-o-equal-height vc_row-o-content-middle vc_row-flex\"><div class=\"wpb_column vc_column_container vc_col-sm-12\"><div class=\"vc_column-inner\"><div class=\"wpb_wrapper\"><div class=\"vc_row wpb_row vc_inner vc_row-fluid contenedor_text_v vc_custom_1617967761862 vc_row-has-fill vc_row-o-equal-height vc_row-o-content-middle vc_row-flex\"><div class=\"wpb_column vc_column_container vc_col-sm-1\"><div class=\"vc_column-inner vc_custom_1617967902240\"><div class=\"wpb_wrapper\">\n\t<div class=\"wpb_text_column wpb_content_element  vc_custom_1620202403078\" >\n\t\t<div class=\"wpb_wrapper\">\n\t\t\t<p style=\"text-align: center;\"><span class=\"txt_1h_v\">Alumni<br \/>\n<\/span><\/p>\n\n\t\t<\/div>\n\t<\/div>\n<\/div><\/div><\/div><div class=\"wpb_column vc_column_container vc_col-sm-5\"><div class=\"vc_column-inner vc_custom_1616272943571\"><div class=\"wpb_wrapper\">\n\t<div  class=\"wpb_single_image wpb_content_element vc_align_left  vc_custom_1621435232976  img_voluntario\">\n\t\t\n\t\t<figure class=\"wpb_wrapper vc_figure\">\n\t\t\t<div class=\"vc_single_image-wrapper   vc_box_border_grey\"><img loading=\"lazy\" decoding=\"async\" class=\"vc_single_image-img\" src=\"https:\/\/isen.es\/wp-content\/uploads\/2021\/05\/isen-foto-alumni.jpg\" width=\"700\" height=\"850\" alt=\"isen-foto-alumni\" title=\"isen-foto-alumni\" \/><\/div>\n\t\t<\/figure>\n\t<\/div>\n<\/div><\/div><\/div><div class=\"wpb_column vc_column_container vc_col-sm-6\"><div class=\"vc_column-inner vc_custom_1620144796778\"><div class=\"wpb_wrapper\"><h2 style=\"text-align: left\" class=\"vc_custom_heading tit_txt_h1\" >The Association of Former Undergraduate and Post-graduate Students at ISEN is one of the main assets in our Center.<\/h2>\n\t<div class=\"wpb_text_column wpb_content_element  vc_custom_1620202541667\" >\n\t\t<div class=\"wpb_wrapper\">\n\t\t\t<p class=\"txt_p_h1\">An initiative created by our former students, a way of being always in touch with your classmates and share experiences. A space of encounter for our graduates.<\/p>\n<p class=\"txt_p_h1\" style=\"padding-top: 0%;\">More than 8.000 students have completed their studies at ISEN, a community in which to share and cooperate under the principles and values that guide the academic life at ISEN, and that are the reason to be of this institution.<\/p>\n\n\t\t<\/div>\n\t<\/div>\n<\/div><\/div><\/div><\/div><\/div><\/div><\/div><\/div><div class=\"vc_row wpb_row vc_row-fluid vc_custom_1620204877723\"><div class=\"wpb_column vc_column_container vc_col-sm-12\"><div class=\"vc_column-inner\"><div class=\"wpb_wrapper\"><h2 style=\"text-align: left\" class=\"vc_custom_heading txt_volun_tit vc_custom_1620203646480\" >Our objective<\/h2>\n\t<div class=\"wpb_text_column wpb_content_element  vc_custom_1620203669864\" >\n\t\t<div class=\"wpb_wrapper\">\n\t\t\t<p class=\"txt_p_h1\">We want to continue supporting you and reinforcing your competencies once you have finished your studies, and for that reason we have the intention of offering all types of activities, professional orientation, counselling, continuous training programs, job listings, discounts, and a wide net of contacts to increase your personal relationships and professional opportunities in the fields of Work Rights, Human Resources, Education, and in the direction, management and analysis of Security.<\/p>\n<p class=\"txt_p_h1\" style=\"padding-top: 0%;\">The Association of former students originates in the will of creating a space for cooperation and fraternity for those interested in continuing their bond with ISEN, and to participate and being involved in the activities at the Association and the Center, while promoting relationships between students and everyone\u2019s networking.<\/p>\n\n\t\t<\/div>\n\t<\/div>\n<\/div><\/div><\/div><\/div><div class=\"vc_row wpb_row vc_row-fluid\"><div class=\"wpb_column vc_column_container vc_col-sm-12\"><div class=\"vc_column-inner\"><div class=\"wpb_wrapper\"><\/div><\/div><\/div><\/div><div class=\"vc_row wpb_row vc_row-fluid vc_custom_1620204857639\"><div class=\"wpb_column vc_column_container vc_col-sm-12\"><div class=\"vc_column-inner\"><div class=\"wpb_wrapper\"><h2 style=\"text-align: left\" class=\"vc_custom_heading txt_volun_tit\" >Main functions<\/h2>\n\t<div class=\"wpb_text_column wpb_content_element  vc_custom_1621327122112\" >\n\t\t<div class=\"wpb_wrapper\">\n\t\t\t<p class=\"txt_p_h1\">\u2013 Academic and professional guidance, career opportunities, state exam preparations, entrepreneurship and establishing of companies, or to talk about what your best options could.<\/p>\n<p class=\"txt_p_h1\" style=\"padding-top: 0%;\">\u2013 Discounts in undergraduate and master courses, in second undergraduate studies, exchanges, research, mediating between the companies interested in the profile of students in the job listings at ISEN.<\/p>\n<p class=\"txt_p_h1\" style=\"padding-top: 0%;\">\u2013 Discounts in language courses, especially English, with advantageous prices and discounts.<\/p>\n<p class=\"txt_p_h1\" style=\"padding-top: 0%;\">\u2013 Participation in annual events Alumni, in conferences, concerts, shows, contests, academic programs, trips, discounts in shops and services, webinars, etc.<\/p>\n<p class=\"txt_p_h1\" style=\"padding-top: 0%;\">\u2013 The restrictions consequence of the pandemic forces us to, as of today, prioritise online or closed number activities, but soon we will be able to celebrate social events that the Association deserves.<\/p>\n\n\t\t<\/div>\n\t<\/div>\n<\/div><\/div><\/div><\/div><div id=\"contenedor_tab_custom_pag\" class=\"vc_row wpb_row vc_row-fluid\"><div class=\"wpb_column vc_column_container vc_col-sm-12\"><div class=\"vc_column-inner\"><div class=\"wpb_wrapper\"><h4 style=\"text-align: left\" class=\"vc_custom_heading\" ><a href=\"mailto:alumni@isen.es\" title=\"Claudia Vergotti\">alumni@isen.es<\/a><\/h4><\/div><\/div><\/div><\/div><div class=\"vc_row wpb_row vc_row-fluid vc_custom_1620204786028\"><div class=\"form_alumni wpb_column vc_column_container vc_col-sm-12\"><div class=\"vc_column-inner\"><div class=\"wpb_wrapper\"><h2 style=\"text-align: left\" class=\"vc_custom_heading txt_volun_tit vc_custom_1621332158714\" >Do you want to be part of the Association? Join us!<\/h2>\n<div class=\"wpcf7 no-js\" id=\"wpcf7-f2036-o1\" lang=\"es-ES\" dir=\"ltr\" data-wpcf7-id=\"2036\">\n<div class=\"screen-reader-response\"><p role=\"status\" aria-live=\"polite\" aria-atomic=\"true\"><\/p> <ul><\/ul><\/div>\n<form action=\"\/en\/wp-json\/wp\/v2\/pages\/2017#wpcf7-f2036-o1\" method=\"post\" class=\"wpcf7-form init\" aria-label=\"Formulario de contacto\" novalidate=\"novalidate\" data-status=\"init\" data-trp-original-action=\"\/en\/wp-json\/wp\/v2\/pages\/2017#wpcf7-f2036-o1\">\n<fieldset class=\"hidden-fields-container\"><input type=\"hidden\" name=\"_wpcf7\" value=\"2036\" \/><input type=\"hidden\" name=\"_wpcf7_version\" value=\"6.1.5\" \/><input type=\"hidden\" name=\"_wpcf7_locale\" value=\"es_ES\" \/><input type=\"hidden\" name=\"_wpcf7_unit_tag\" value=\"wpcf7-f2036-o1\" \/><input type=\"hidden\" name=\"_wpcf7_container_post\" value=\"0\" \/><input type=\"hidden\" name=\"_wpcf7_posted_data_hash\" value=\"\" \/><input type=\"hidden\" name=\"_wpcf7_recaptcha_response\" value=\"\" \/>\n<\/fieldset>\n<p><label><br \/>\n<span class=\"wpcf7-form-control-wrap\" data-name=\"your-name\"><input size=\"40\" maxlength=\"400\" class=\"wpcf7-form-control wpcf7-text wpcf7-validates-as-required\" aria-required=\"true\" aria-invalid=\"false\" placeholder=\"Name\" value=\"\" type=\"text\" name=\"your-name\" \/><\/span> <\/label>\n<\/p>\n<p><label><br \/>\n<span class=\"wpcf7-form-control-wrap\" data-name=\"your-a\"><input size=\"40\" maxlength=\"400\" class=\"wpcf7-form-control wpcf7-text wpcf7-validates-as-required\" aria-required=\"true\" aria-invalid=\"false\" placeholder=\"Surname\" value=\"\" type=\"text\" name=\"your-a\" \/><\/span> <\/label>\n<\/p>\n<p><label><br \/>\nDate of birth<br \/>\n<span class=\"wpcf7-form-control-wrap\" data-name=\"date-594\"><input class=\"wpcf7-form-control wpcf7-date wpcf7-validates-as-date\" aria-invalid=\"false\" value=\"\" type=\"date\" name=\"date-594\" \/><\/span><\/label>\n<\/p>\n<p><label><br \/>\n<span class=\"wpcf7-form-control-wrap\" data-name=\"text-753\"><input size=\"40\" maxlength=\"400\" class=\"wpcf7-form-control wpcf7-text\" aria-invalid=\"false\" placeholder=\"Address\" value=\"\" type=\"text\" name=\"text-753\" \/><\/span><\/label>\n<\/p>\n<p><label><br \/>\n<span class=\"wpcf7-form-control-wrap\" data-name=\"your-email\"><input size=\"40\" maxlength=\"400\" class=\"wpcf7-form-control wpcf7-email wpcf7-validates-as-required wpcf7-text wpcf7-validates-as-email\" aria-required=\"true\" aria-invalid=\"false\" placeholder=\"Email\" value=\"\" type=\"email\" name=\"your-email\" \/><\/span><\/label>\n<\/p>\n<p><label><br \/>\n<span class=\"wpcf7-form-control-wrap\" data-name=\"tel-760\"><input size=\"40\" maxlength=\"400\" class=\"wpcf7-form-control wpcf7-tel wpcf7-validates-as-required wpcf7-text wpcf7-validates-as-tel\" aria-required=\"true\" aria-invalid=\"false\" placeholder=\"Telephone\" value=\"\" type=\"tel\" name=\"tel-760\" \/><\/span> <\/label>\n<\/p>\n<p><label><br \/>\n<span class=\"wpcf7-form-control-wrap\" data-name=\"text-753\"><input size=\"40\" maxlength=\"400\" class=\"wpcf7-form-control wpcf7-text wpcf7-validates-as-required\" aria-required=\"true\" aria-invalid=\"false\" placeholder=\"Degree Studied\" value=\"\" type=\"text\" name=\"text-753\" \/><\/span> <\/label>\n<\/p>\n<p><label><br \/>\n<span class=\"wpcf7-form-control-wrap\" data-name=\"text-297\"><input size=\"40\" maxlength=\"400\" class=\"wpcf7-form-control wpcf7-text wpcf7-validates-as-required\" aria-required=\"true\" aria-invalid=\"false\" placeholder=\"Major\" value=\"\" type=\"text\" name=\"text-297\" \/><\/span><\/label>\n<\/p>\n<p><label> Date of graduation<br \/>\n<span class=\"wpcf7-form-control-wrap\" data-name=\"date-599\"><input class=\"wpcf7-form-control wpcf7-date wpcf7-validates-as-date\" aria-invalid=\"false\" value=\"\" type=\"date\" name=\"date-599\" \/><\/span><\/label>\n<\/p>\n<div>\n\t<p>Are you currently working?<br \/>\n<span class=\"wpcf7-form-control-wrap\" data-name=\"radio-111\"><span class=\"wpcf7-form-control wpcf7-radio\"><span class=\"wpcf7-list-item first\"><label><input type=\"radio\" name=\"radio-111\" value=\"Si\" \/><span class=\"wpcf7-list-item-label\">Yes<\/span><\/label><\/span><span class=\"wpcf7-list-item last\"><label><input type=\"radio\" name=\"radio-111\" value=\"No\" \/><span class=\"wpcf7-list-item-label\">No<\/span><\/label><\/span><\/span><\/span>\n\t<\/p>\n\t<p>Is your job related to what you studied?<br \/>\n<span class=\"wpcf7-form-control-wrap\" data-name=\"radio-112\"><span class=\"wpcf7-form-control wpcf7-radio\"><span class=\"wpcf7-list-item first\"><label><input type=\"radio\" name=\"radio-112\" value=\"Si\" \/><span class=\"wpcf7-list-item-label\">Yes<\/span><\/label><\/span><span class=\"wpcf7-list-item last\"><label><input type=\"radio\" name=\"radio-112\" value=\"No\" \/><span class=\"wpcf7-list-item-label\">No<\/span><\/label><\/span><\/span><\/span>\n\t<\/p>\n\t<p><span class=\"wpcf7-form-control-wrap\" data-name=\"text-145\"><input size=\"40\" maxlength=\"400\" class=\"wpcf7-form-control wpcf7-text\" aria-invalid=\"false\" placeholder=\"How much time did it take you to find a job after graduation?\" value=\"\" type=\"text\" name=\"text-145\" \/><\/span>\n\t<\/p>\n\t<p>Are you currently studying?<br \/>\n<span class=\"wpcf7-form-control-wrap\" data-name=\"radio-114\"><span class=\"wpcf7-form-control wpcf7-radio\"><span class=\"wpcf7-list-item first\"><label><input type=\"radio\" name=\"radio-114\" value=\"Si\" \/><span class=\"wpcf7-list-item-label\">Yes<\/span><\/label><\/span><span class=\"wpcf7-list-item last\"><label><input type=\"radio\" name=\"radio-114\" value=\"No\" \/><span class=\"wpcf7-list-item-label\">No<\/span><\/label><\/span><\/span><\/span>\n\t<\/p>\n\t<p>Are you studying something related to what you previously studied? (second major, master)<br \/>\n<span class=\"wpcf7-form-control-wrap\" data-name=\"radio-115\"><span class=\"wpcf7-form-control wpcf7-radio\"><span class=\"wpcf7-list-item first\"><label><input type=\"radio\" name=\"radio-115\" value=\"Si\" \/><span class=\"wpcf7-list-item-label\">Yes<\/span><\/label><\/span><span class=\"wpcf7-list-item last\"><label><input type=\"radio\" name=\"radio-115\" value=\"No\" \/><span class=\"wpcf7-list-item-label\">No<\/span><\/label><\/span><\/span><\/span>\n\t<\/p>\n\t<p>Have you taken any state exams?<br \/>\n<span class=\"wpcf7-form-control-wrap\" data-name=\"radio-116\"><span class=\"wpcf7-form-control wpcf7-radio\"><span class=\"wpcf7-list-item first\"><label><input type=\"radio\" name=\"radio-116\" value=\"Si\" \/><span class=\"wpcf7-list-item-label\">Yes<\/span><\/label><\/span><span class=\"wpcf7-list-item last\"><label><input type=\"radio\" name=\"radio-116\" value=\"No\" \/><span class=\"wpcf7-list-item-label\">No<\/span><\/label><\/span><\/span><\/span>\n\t<\/p>\n\t<p><span class=\"wpcf7-form-control-wrap\" data-name=\"text-678\"><input size=\"40\" maxlength=\"400\" class=\"wpcf7-form-control wpcf7-text\" aria-invalid=\"false\" placeholder=\"Which one?\" value=\"\" type=\"text\" name=\"text-678\" \/><\/span>\n\t<\/p>\n\t<p>Did you pass?<br \/>\n<span class=\"wpcf7-form-control-wrap\" data-name=\"radio-117\"><span class=\"wpcf7-form-control wpcf7-radio\"><span class=\"wpcf7-list-item first\"><label><input type=\"radio\" name=\"radio-117\" value=\"Si\" \/><span class=\"wpcf7-list-item-label\">Yes<\/span><\/label><\/span><span class=\"wpcf7-list-item last\"><label><input type=\"radio\" name=\"radio-117\" value=\"No\" \/><span class=\"wpcf7-list-item-label\">No<\/span><\/label><\/span><\/span><\/span>\n\t<\/p>\n\t<p>Are you preparing to sit a state exam in the future?<br \/>\n<span class=\"wpcf7-form-control-wrap\" data-name=\"radio-118\"><span class=\"wpcf7-form-control wpcf7-radio\"><span class=\"wpcf7-list-item first\"><label><input type=\"radio\" name=\"radio-118\" value=\"Si\" \/><span class=\"wpcf7-list-item-label\">Yes<\/span><\/label><\/span><span class=\"wpcf7-list-item last\"><label><input type=\"radio\" name=\"radio-118\" value=\"No\" \/><span class=\"wpcf7-list-item-label\">No<\/span><\/label><\/span><\/span><\/span>\n\t<\/p>\n\t<p><label class=\"cont_politi\"><br \/>\n<span class=\"wpcf7-form-control-wrap\" data-name=\"checkbox-696\"><span class=\"wpcf7-form-control wpcf7-checkbox wpcf7-validates-as-required\"><span class=\"wpcf7-list-item first last\"><label><input type=\"checkbox\" name=\"checkbox-696[]\" value=\"\" \/><span class=\"wpcf7-list-item-label\"><\/span><\/label><\/span><\/span><\/span><br \/>\n<span>You consent, by checking the following check box, for your data to be used according to the purposes described in the <a href=\"https:\/\/isen.es\/en\/politica-de-privacidad-de-isen-centro-universitario\/\">Privacy Policy<\/a> and our <a href=\"https:\/\/isen.es\/en\/aviso-legal\/\">Legal Disclaimer.<\/a>.<\/span><\/label><br \/>\n<label class=\"cont_politi\"><br \/>\n<span class=\"wpcf7-form-control-wrap\" data-name=\"checkbox-697\"><span class=\"wpcf7-form-control wpcf7-checkbox wpcf7-validates-as-required\"><span class=\"wpcf7-list-item first last\"><label><input type=\"checkbox\" name=\"checkbox-697[]\" value=\"\" \/><span class=\"wpcf7-list-item-label\"><\/span><\/label><\/span><\/span><\/span><span>Consent, by checking the following check box, to receive communications regarding program and teaching activities and complementary related to our center via phone, postal mail, fax, email, or other electronic ways.<\/span><\/label><br \/>\n<label><br \/>\n<\/label><label><br \/>\n\t\t<span class=\"wpcf7-form-control-wrap recaptcha\" data-name=\"recaptcha\"><span data-sitekey=\"6Lc0BvUaAAAAAHl3ENWuW_zyS2FNaZzFJzHboLCf\" class=\"wpcf7-form-control wpcf7-recaptcha g-recaptcha\"><\/span>\r\n<noscript>\r\n\t<div class=\"grecaptcha-noscript\">\r\n\t\t<iframe loading=\"lazy\" src=\"https:\/\/www.google.com\/recaptcha\/api\/fallback?k=6Lc0BvUaAAAAAHl3ENWuW_zyS2FNaZzFJzHboLCf\" frameborder=\"0\" scrolling=\"no\" width=\"310\" height=\"430\">\r\n\t\t<\/iframe>\r\n\t\t<textarea name=\"g-recaptcha-response\" rows=\"3\" cols=\"40\" placeholder=\"Aqu\u00ed la respuesta de reCAPTCHA\">\r\n\t\t<\/textarea>\r\n\t<\/div>\r\n<\/noscript>\r\n<\/span><\/label>\n\t<\/p>\n\t<p><input class=\"wpcf7-form-control wpcf7-submit has-spinner\" type=\"submit\" value=\"Send\" \/>\n\t<\/p>\n<\/div><div class=\"wpcf7-response-output\" aria-hidden=\"true\"><\/div>\n<input type=\"hidden\" name=\"trp-form-language\" value=\"en\"\/><\/form>\n<\/div>\n<\/div><\/div><\/div><\/div><div class=\"vc_row wpb_row vc_row-fluid\"><div class=\"wpb_column vc_column_container vc_col-sm-12\"><div class=\"vc_column-inner\"><div class=\"wpb_wrapper\">\n\t<div class=\"wpb_raw_code wpb_raw_js\" >\n\t\t<div class=\"wpb_wrapper\">\n\t\t\t\n\t\t<\/div>\n\t<\/div>\n<\/div><\/div><\/div><\/div>","protected":false},"excerpt":{"rendered":"Isen alumni Nuestros antiguos alumnos, nuestra raz\u00f3n de ser. Saber m\u00e1s Alumni La Asociaci\u00f3n de Antiguos Alumnos de Grado y Postgrado de ISEN es uno [...]","protected":false},"author":2,"featured_media":0,"parent":0,"menu_order":0,"comment_status":"closed","ping_status":"closed","template":"","meta":{"_acf_changed":false,"inline_featured_image":false,"footnotes":""},"class_list":["post-2017","page","type-page","status-publish","hentry"],"acf":[],"yoast_head":"<!-- This site is optimized with the Yoast SEO plugin v27.3 - https:\/\/yoast.com\/product\/yoast-seo-wordpress\/ -->\n<title>Isen alumni - ISEN Centro Universitario<\/title>\n<meta name=\"description\" content=\"Nuestros alumni hacen que nuestra labor en la educaci\u00f3n y seguridad se haga m\u00e1s f\u00e1cil. Se parte de nuestra comunidad Alumni - reg\u00edstrate\" \/>\n<meta name=\"robots\" content=\"index, follow, max-snippet:-1, max-image-preview:large, max-video-preview:-1\" \/>\n<link rel=\"canonical\" href=\"https:\/\/isen.es\/en\/isen-alumni\/\" \/>\n<meta property=\"og:locale\" content=\"en_GB\" \/>\n<meta property=\"og:type\" content=\"article\" \/>\n<meta property=\"og:title\" content=\"Isen alumni - ISEN Centro Universitario\" \/>\n<meta property=\"og:description\" content=\"Nuestros alumni hacen que nuestra labor en la educaci\u00f3n y seguridad se haga m\u00e1s f\u00e1cil. Se parte de nuestra comunidad Alumni - reg\u00edstrate\" \/>\n<meta property=\"og:url\" content=\"https:\/\/isen.es\/en\/isen-alumni\/\" \/>\n<meta property=\"og:site_name\" content=\"ISEN Centro Universitario\" \/>\n<meta property=\"article:modified_time\" content=\"2021-09-21T09:04:21+00:00\" \/>\n<meta name=\"twitter:card\" content=\"summary_large_image\" \/>\n<meta name=\"twitter:label1\" content=\"Estimated reading time\" \/>\n\t<meta name=\"twitter:data1\" content=\"3 minutes\" \/>\n<script type=\"application\/ld+json\" class=\"yoast-schema-graph\">{\"@context\":\"https:\\\/\\\/schema.org\",\"@graph\":[{\"@type\":\"WebPage\",\"@id\":\"https:\\\/\\\/isen.es\\\/isen-alumni\\\/\",\"url\":\"https:\\\/\\\/isen.es\\\/isen-alumni\\\/\",\"name\":\"Isen alumni - ISEN Centro Universitario\",\"isPartOf\":{\"@id\":\"https:\\\/\\\/isen.es\\\/#website\"},\"datePublished\":\"2021-05-05T08:19:20+00:00\",\"dateModified\":\"2021-09-21T09:04:21+00:00\",\"description\":\"Nuestros alumni hacen que nuestra labor en la educaci\u00f3n y seguridad se haga m\u00e1s f\u00e1cil. Se parte de nuestra comunidad Alumni - reg\u00edstrate\",\"breadcrumb\":{\"@id\":\"https:\\\/\\\/isen.es\\\/isen-alumni\\\/#breadcrumb\"},\"inLanguage\":\"en-GB\",\"potentialAction\":[{\"@type\":\"ReadAction\",\"target\":[\"https:\\\/\\\/isen.es\\\/isen-alumni\\\/\"]}]},{\"@type\":\"BreadcrumbList\",\"@id\":\"https:\\\/\\\/isen.es\\\/isen-alumni\\\/#breadcrumb\",\"itemListElement\":[{\"@type\":\"ListItem\",\"position\":1,\"name\":\"Portada\",\"item\":\"https:\\\/\\\/isen.es\\\/\"},{\"@type\":\"ListItem\",\"position\":2,\"name\":\"Isen alumni\"}]},{\"@type\":\"WebSite\",\"@id\":\"https:\\\/\\\/isen.es\\\/#website\",\"url\":\"https:\\\/\\\/isen.es\\\/\",\"name\":\"ISEN Centro Universitario\",\"description\":\"Facultad Adscrita a la Universidad de Murcia\",\"publisher\":{\"@id\":\"https:\\\/\\\/isen.es\\\/#organization\"},\"potentialAction\":[{\"@type\":\"SearchAction\",\"target\":{\"@type\":\"EntryPoint\",\"urlTemplate\":\"https:\\\/\\\/isen.es\\\/?s={search_term_string}\"},\"query-input\":{\"@type\":\"PropertyValueSpecification\",\"valueRequired\":true,\"valueName\":\"search_term_string\"}}],\"inLanguage\":\"en-GB\"},{\"@type\":\"Organization\",\"@id\":\"https:\\\/\\\/isen.es\\\/#organization\",\"name\":\"ISEN Centro Universitario\",\"url\":\"https:\\\/\\\/isen.es\\\/\",\"logo\":{\"@type\":\"ImageObject\",\"inLanguage\":\"en-GB\",\"@id\":\"https:\\\/\\\/isen.es\\\/#\\\/schema\\\/logo\\\/image\\\/\",\"url\":\"https:\\\/\\\/isen.es\\\/wp-content\\\/uploads\\\/2021\\\/05\\\/favicon-isen.png\",\"contentUrl\":\"https:\\\/\\\/isen.es\\\/wp-content\\\/uploads\\\/2021\\\/05\\\/favicon-isen.png\",\"width\":512,\"height\":512,\"caption\":\"ISEN Centro Universitario\"},\"image\":{\"@id\":\"https:\\\/\\\/isen.es\\\/#\\\/schema\\\/logo\\\/image\\\/\"}}]}<\/script>\n<!-- \/ Yoast SEO plugin. -->","yoast_head_json":{"title":"Isen alumni - ISEN Centro Universitario","description":"Nuestros alumni hacen que nuestra labor en la educaci\u00f3n y seguridad se haga m\u00e1s f\u00e1cil. Se parte de nuestra comunidad Alumni - reg\u00edstrate","robots":{"index":"index","follow":"follow","max-snippet":"max-snippet:-1","max-image-preview":"max-image-preview:large","max-video-preview":"max-video-preview:-1"},"canonical":"https:\/\/isen.es\/en\/isen-alumni\/","og_locale":"en_GB","og_type":"article","og_title":"Isen alumni - ISEN Centro Universitario","og_description":"Nuestros alumni hacen que nuestra labor en la educaci\u00f3n y seguridad se haga m\u00e1s f\u00e1cil. Se parte de nuestra comunidad Alumni - reg\u00edstrate","og_url":"https:\/\/isen.es\/en\/isen-alumni\/","og_site_name":"ISEN Centro Universitario","article_modified_time":"2021-09-21T09:04:21+00:00","twitter_card":"summary_large_image","twitter_misc":{"Estimated reading time":"3 minutes"},"schema":{"@context":"https:\/\/schema.org","@graph":[{"@type":"WebPage","@id":"https:\/\/isen.es\/isen-alumni\/","url":"https:\/\/isen.es\/isen-alumni\/","name":"Isen alumni - ISEN Centro Universitario","isPartOf":{"@id":"https:\/\/isen.es\/#website"},"datePublished":"2021-05-05T08:19:20+00:00","dateModified":"2021-09-21T09:04:21+00:00","description":"Nuestros alumni hacen que nuestra labor en la educaci\u00f3n y seguridad se haga m\u00e1s f\u00e1cil. Se parte de nuestra comunidad Alumni - reg\u00edstrate","breadcrumb":{"@id":"https:\/\/isen.es\/isen-alumni\/#breadcrumb"},"inLanguage":"en-GB","potentialAction":[{"@type":"ReadAction","target":["https:\/\/isen.es\/isen-alumni\/"]}]},{"@type":"BreadcrumbList","@id":"https:\/\/isen.es\/isen-alumni\/#breadcrumb","itemListElement":[{"@type":"ListItem","position":1,"name":"Portada","item":"https:\/\/isen.es\/"},{"@type":"ListItem","position":2,"name":"Isen alumni"}]},{"@type":"WebSite","@id":"https:\/\/isen.es\/#website","url":"https:\/\/isen.es\/","name":"ISEN Centro Universitario","description":"Facultad Adscrita a la Universidad de Murcia","publisher":{"@id":"https:\/\/isen.es\/#organization"},"potentialAction":[{"@type":"SearchAction","target":{"@type":"EntryPoint","urlTemplate":"https:\/\/isen.es\/?s={search_term_string}"},"query-input":{"@type":"PropertyValueSpecification","valueRequired":true,"valueName":"search_term_string"}}],"inLanguage":"en-GB"},{"@type":"Organization","@id":"https:\/\/isen.es\/#organization","name":"ISEN Centro Universitario","url":"https:\/\/isen.es\/","logo":{"@type":"ImageObject","inLanguage":"en-GB","@id":"https:\/\/isen.es\/#\/schema\/logo\/image\/","url":"https:\/\/isen.es\/wp-content\/uploads\/2021\/05\/favicon-isen.png","contentUrl":"https:\/\/isen.es\/wp-content\/uploads\/2021\/05\/favicon-isen.png","width":512,"height":512,"caption":"ISEN Centro Universitario"},"image":{"@id":"https:\/\/isen.es\/#\/schema\/logo\/image\/"}}]}},"_links":{"self":[{"href":"https:\/\/isen.es\/en\/wp-json\/wp\/v2\/pages\/2017","targetHints":{"allow":["GET"]}}],"collection":[{"href":"https:\/\/isen.es\/en\/wp-json\/wp\/v2\/pages"}],"about":[{"href":"https:\/\/isen.es\/en\/wp-json\/wp\/v2\/types\/page"}],"author":[{"embeddable":true,"href":"https:\/\/isen.es\/en\/wp-json\/wp\/v2\/users\/2"}],"replies":[{"embeddable":true,"href":"https:\/\/isen.es\/en\/wp-json\/wp\/v2\/comments?post=2017"}],"version-history":[{"count":56,"href":"https:\/\/isen.es\/en\/wp-json\/wp\/v2\/pages\/2017\/revisions"}],"predecessor-version":[{"id":3306,"href":"https:\/\/isen.es\/en\/wp-json\/wp\/v2\/pages\/2017\/revisions\/3306"}],"wp:attachment":[{"href":"https:\/\/isen.es\/en\/wp-json\/wp\/v2\/media?parent=2017"}],"curies":[{"name":"wp","href":"https:\/\/api.w.org\/{rel}","templated":true}]}}