{"id":2060,"date":"2021-05-05T11:05:54","date_gmt":"2021-05-05T11:05:54","guid":{"rendered":"https:\/\/isen.es\/?page_id=2060"},"modified":"2023-09-21T16:30:52","modified_gmt":"2023-09-21T14:30:52","slug":"alumnos","status":"publish","type":"page","link":"https:\/\/isen.es\/en\/alumnos\/","title":{"rendered":"Students"},"content":{"rendered":"<div class=\"vc_row wpb_row vc_row-fluid\"><div class=\"contenedor_filtro_azul_of_ac wpb_column vc_column_container vc_col-sm-12 vc_col-has-fill\"><div class=\"vc_column-inner vc_custom_1620638628484\"><div class=\"wpb_wrapper\"><div class=\"vc_row wpb_row vc_inner vc_row-fluid vc_custom_1617974034400\"><div class=\"contenedor_filtro_azul_of_ac_all wpb_column vc_column_container vc_col-sm-12\"><div class=\"vc_column-inner vc_custom_1616267773524\"><div class=\"wpb_wrapper\"><h1 style=\"text-align: left\" class=\"vc_custom_heading txt_centro_h1 vc_custom_1620212469824\" >Information for our students<\/h1>\n\t<div class=\"wpb_text_column wpb_content_element  contenedor_filtro_azul_of_ac_all txt_sub_centro_h1\" >\n\t\t<div class=\"wpb_wrapper\">\n\t\t\t<p class=\" translation-block\">Tools to <br \/>students of ISEN<\/p>\n\n\t\t<\/div>\n\t<\/div>\n\n\t<div class=\"wpb_text_column wpb_content_element\" >\n\t\t<div class=\"wpb_wrapper\">\n\t\t\t<div class=\"btn_2_prin\"><a class=\"btn_prin_centro\" href=\"#alumnos\">See tools<\/a><\/div>\n\n\t\t<\/div>\n\t<\/div>\n<\/div><\/div><\/div><\/div><\/div><\/div><\/div><\/div><div id=\"alumnos\" class=\"vc_row wpb_row vc_row-fluid vc_row-o-full-height vc_row-o-columns-top vc_row-o-equal-height vc_row-o-content-top vc_row-flex\"><div class=\"wpb_column vc_column_container vc_col-sm-1 vc_col-has-fill\"><div class=\"vc_column-inner vc_custom_1618239209595\"><div class=\"wpb_wrapper\">\n\t<div class=\"wpb_text_column wpb_content_element  vc_custom_1620212555147\" >\n\t\t<div class=\"wpb_wrapper\">\n\t\t\t<p><span class=\"txt_1h_v_fp\">Tools for the student<\/span><\/p>\n\n\t\t<\/div>\n\t<\/div>\n<\/div><\/div><\/div><div class=\"wpb_column vc_column_container vc_col-sm-11\"><div class=\"vc_column-inner vc_custom_1618239182200\"><div class=\"wpb_wrapper\"><h1 style=\"text-align: left\" class=\"vc_custom_heading tit_txt_inf_page vc_custom_1620212561556\" >Tools for our students<\/h1>\n\t<div class=\"wpb_text_column wpb_content_element  vc_custom_1620212574564 p_txt_inf_page\" >\n\t\t<div class=\"wpb_wrapper\">\n\t\t\t<p>Our students are our reason to be. Thus, we have a few tools to ease their learning process. These tools for students include our own at our university center, and at the University of Murcia.<\/p>\n\n\t\t<\/div>\n\t<\/div>\n<div class=\"vc_row wpb_row vc_inner vc_row-fluid vc_custom_1616293878154\"><div class=\"wpb_column vc_column_container vc_col-sm-12\"><div class=\"vc_column-inner vc_custom_1616293847702\"><div class=\"wpb_wrapper\"><div class=\"vc_tta-container\" data-vc-action=\"collapseAll\"><div class=\"vc_general vc_tta vc_tta-accordion vc_tta-color-white vc_tta-style-classic vc_tta-shape-rounded vc_tta-o-shape-group vc_tta-controls-align-left vc_tta-o-all-clickable  acordeon_h1 vc_custom_1621578496163\"><div class=\"vc_tta-panels-container\"><div class=\"vc_tta-panels\"><div class=\"vc_tta-panel\" id=\"planificacion-curso-academico-umu\" data-vc-content=\".vc_tta-panel-body\"><div class=\"vc_tta-panel-heading\"><h4 class=\"vc_tta-panel-title\"><a href=\"#planificacion-curso-academico-umu\" data-vc-accordion data-vc-container=\".vc_tta-container\"><span class=\"vc_tta-title-text\">Planificaci\u00f3n Acad\u00e9mica Curso 2023\/2024<\/span><i class=\"vc_tta-icon vc-material vc-material-arrow_downward\"><\/i><\/a><\/h4><\/div><div class=\"vc_tta-panel-body\"><p style=\"text-align: left\" class=\"vc_custom_heading enlace_global_fleha_de\" ><a href=\"https:\/\/www.um.es\/web\/estudios\/grados\/educaci%C3%B3n-infantil-isen\">Degree in Preschool Education<\/a><\/p><p style=\"text-align: left\" class=\"vc_custom_heading enlace_global_fleha_de\" ><a href=\"https:\/\/www.um.es\/web\/estudios\/grados\/educaci%C3%B3n-primaria-isen\">Degree in Primary Education<\/a><\/p><p style=\"text-align: left\" class=\"vc_custom_heading enlace_global_fleha_de\" ><a href=\"https:\/\/www.um.es\/web\/estudios\/grados\/pceo\/educacion-infantil-primaria-isen\">Programaci\u00f3n Conjunta de Estudios Oficiales de Educaci\u00f3n Infantil y Educaci\u00f3n Primaria<\/a><\/p><p style=\"text-align: left\" class=\"vc_custom_heading enlace_global_fleha_de\" ><a href=\"https:\/\/www.um.es\/web\/estudios\/grados\/seguridad\">Degree in Security  \u2013 Online and On-site<\/a><\/p><p style=\"text-align: left\" class=\"vc_custom_heading enlace_global_fleha_de\" ><a href=\"https:\/\/www.um.es\/en\/web\/estudios\/grados\/pceo\/criminologia-seguridad\">Programaci\u00f3n Conjunta de Estudios Oficiales del Grado en Criminolog\u00eda y Grado en Seguridad<\/a><\/p><p style=\"text-align: left\" class=\"vc_custom_heading enlace_global_fleha_de\" ><a href=\"https:\/\/www.um.es\/it\/web\/estudios\/masteres\/investigacion-innovacion-educacion-infantil-primaria-isen\/\">M\u00e1ster Universitario en Investigaci\u00f3n e Innovaci\u00f3n en Educaci\u00f3n Infantil y Primaria<\/a><\/p><\/div><\/div><div class=\"vc_tta-panel\" id=\"1681140168733-9ccfb9f0-7645\" data-vc-content=\".vc_tta-panel-body\"><div class=\"vc_tta-panel-heading\"><h4 class=\"vc_tta-panel-title\"><a href=\"#1681140168733-9ccfb9f0-7645\" data-vc-accordion data-vc-container=\".vc_tta-container\"><span class=\"vc_tta-title-text\">Tr\u00e1mites Acad\u00e9micos (UMU)<\/span><i class=\"vc_tta-icon vc-material vc-material-arrow_downward\"><\/i><\/a><\/h4><\/div><div class=\"vc_tta-panel-body\"><p style=\"text-align: left\" class=\"vc_custom_heading enlace_global_fleha_de\" ><a href=\"https:\/\/entrada.um.es\/cas\/login?service=https%3A%2F%2Fcertificados.um.es%2Fcertificados%2Fpaginas%2Finstrucciones.seam\">Solicitud certificados<\/a><\/p><p style=\"text-align: left\" class=\"vc_custom_heading enlace_global_fleha_de\" ><a href=\"https:\/\/titulos.um.es\/titulos\/loginGestion.seam\">Solicitud T\u00edtulo<\/a><\/p><p style=\"text-align: left\" class=\"vc_custom_heading enlace_global_fleha_de\" ><a href=\"https:\/\/gurum.um.es\/gurum2\/portal.seam\">Gurum (recibos)<\/a><\/p><\/div><\/div><\/div><\/div><\/div><\/div><p style=\"text-align: left\" class=\"vc_custom_heading enlace_global_fleha_de\" ><a href=\"https:\/\/www.um.es\/documents\/669211\/38387161\/Calendario+Acad%C3%A9mico_ISEN.pdf\/a41f2320-5737-5763-fcc7-cb60223493b8?t=1694764590268\" target=\"_blank\">Calendario acad\u00e9mico 2023\/2024<\/a><\/p><p style=\"text-align: left\" class=\"vc_custom_heading enlace_global_fleha_de\" ><a href=\"https:\/\/aulavirtual.um.es\/portal\" target=\"_blank\">Aula Virtual Universidad de Murcia<\/a><\/p><p style=\"text-align: left\" class=\"vc_custom_heading enlace_global_fleha_de\" ><a href=\"https:\/\/www.um.es\/en\/web\/biblioteca\/\" target=\"_blank\">Access to digital library UMU<\/a><\/p><p style=\"text-align: left\" class=\"vc_custom_heading enlace_global_fleha_de\" ><a href=\"http:\/\/leo.campusmarenostrum.es\/opac\/#\" target=\"_blank\">Electronic Books Online (Mare Nostrum Campus)<\/a><\/p><\/div><\/div><\/div><\/div><\/div><\/div><\/div><\/div>","protected":false},"excerpt":{"rendered":"Informaci\u00f3n para nuestros alumnos Herramientas para los alumnos de ISEN Ver Herramientas Herramientas para el alumno Herramientas para nuestros alumnos Nuestros alumnos son nuestra raz\u00f3n [...]","protected":false},"author":2,"featured_media":0,"parent":0,"menu_order":0,"comment_status":"closed","ping_status":"closed","template":"","meta":{"_acf_changed":false,"inline_featured_image":false,"footnotes":""},"class_list":["post-2060","page","type-page","status-publish","hentry"],"acf":[],"yoast_head":"<!-- This site is optimized with the Yoast SEO plugin v27.3 - https:\/\/yoast.com\/product\/yoast-seo-wordpress\/ -->\n<title>Alumnos - ISEN Centro Universitario<\/title>\n<meta name=\"robots\" content=\"index, follow, max-snippet:-1, max-image-preview:large, max-video-preview:-1\" \/>\n<link rel=\"canonical\" href=\"https:\/\/isen.es\/en\/alumnos\/\" \/>\n<meta property=\"og:locale\" content=\"en_GB\" \/>\n<meta property=\"og:type\" content=\"article\" \/>\n<meta property=\"og:title\" content=\"Alumnos - ISEN Centro Universitario\" \/>\n<meta property=\"og:url\" content=\"https:\/\/isen.es\/en\/alumnos\/\" \/>\n<meta property=\"og:site_name\" content=\"ISEN Centro Universitario\" \/>\n<meta property=\"article:modified_time\" content=\"2023-09-21T14:30:52+00:00\" \/>\n<meta name=\"twitter:card\" content=\"summary_large_image\" \/>\n<meta name=\"twitter:label1\" content=\"Estimated reading time\" \/>\n\t<meta name=\"twitter:data1\" content=\"2 minutes\" \/>\n<script type=\"application\/ld+json\" class=\"yoast-schema-graph\">{\"@context\":\"https:\\\/\\\/schema.org\",\"@graph\":[{\"@type\":\"WebPage\",\"@id\":\"https:\\\/\\\/isen.es\\\/alumnos\\\/\",\"url\":\"https:\\\/\\\/isen.es\\\/alumnos\\\/\",\"name\":\"Alumnos - ISEN Centro Universitario\",\"isPartOf\":{\"@id\":\"https:\\\/\\\/isen.es\\\/#website\"},\"datePublished\":\"2021-05-05T11:05:54+00:00\",\"dateModified\":\"2023-09-21T14:30:52+00:00\",\"breadcrumb\":{\"@id\":\"https:\\\/\\\/isen.es\\\/alumnos\\\/#breadcrumb\"},\"inLanguage\":\"en-GB\",\"potentialAction\":[{\"@type\":\"ReadAction\",\"target\":[\"https:\\\/\\\/isen.es\\\/alumnos\\\/\"]}]},{\"@type\":\"BreadcrumbList\",\"@id\":\"https:\\\/\\\/isen.es\\\/alumnos\\\/#breadcrumb\",\"itemListElement\":[{\"@type\":\"ListItem\",\"position\":1,\"name\":\"Portada\",\"item\":\"https:\\\/\\\/isen.es\\\/\"},{\"@type\":\"ListItem\",\"position\":2,\"name\":\"Alumnos\"}]},{\"@type\":\"WebSite\",\"@id\":\"https:\\\/\\\/isen.es\\\/#website\",\"url\":\"https:\\\/\\\/isen.es\\\/\",\"name\":\"ISEN Centro Universitario\",\"description\":\"Facultad Adscrita a la Universidad de Murcia\",\"publisher\":{\"@id\":\"https:\\\/\\\/isen.es\\\/#organization\"},\"potentialAction\":[{\"@type\":\"SearchAction\",\"target\":{\"@type\":\"EntryPoint\",\"urlTemplate\":\"https:\\\/\\\/isen.es\\\/?s={search_term_string}\"},\"query-input\":{\"@type\":\"PropertyValueSpecification\",\"valueRequired\":true,\"valueName\":\"search_term_string\"}}],\"inLanguage\":\"en-GB\"},{\"@type\":\"Organization\",\"@id\":\"https:\\\/\\\/isen.es\\\/#organization\",\"name\":\"ISEN Centro Universitario\",\"url\":\"https:\\\/\\\/isen.es\\\/\",\"logo\":{\"@type\":\"ImageObject\",\"inLanguage\":\"en-GB\",\"@id\":\"https:\\\/\\\/isen.es\\\/#\\\/schema\\\/logo\\\/image\\\/\",\"url\":\"https:\\\/\\\/isen.es\\\/wp-content\\\/uploads\\\/2021\\\/05\\\/favicon-isen.png\",\"contentUrl\":\"https:\\\/\\\/isen.es\\\/wp-content\\\/uploads\\\/2021\\\/05\\\/favicon-isen.png\",\"width\":512,\"height\":512,\"caption\":\"ISEN Centro Universitario\"},\"image\":{\"@id\":\"https:\\\/\\\/isen.es\\\/#\\\/schema\\\/logo\\\/image\\\/\"}}]}<\/script>\n<!-- \/ Yoast SEO plugin. -->","yoast_head_json":{"title":"Alumnos - ISEN Centro Universitario","robots":{"index":"index","follow":"follow","max-snippet":"max-snippet:-1","max-image-preview":"max-image-preview:large","max-video-preview":"max-video-preview:-1"},"canonical":"https:\/\/isen.es\/en\/alumnos\/","og_locale":"en_GB","og_type":"article","og_title":"Alumnos - ISEN Centro Universitario","og_url":"https:\/\/isen.es\/en\/alumnos\/","og_site_name":"ISEN Centro Universitario","article_modified_time":"2023-09-21T14:30:52+00:00","twitter_card":"summary_large_image","twitter_misc":{"Estimated reading time":"2 minutes"},"schema":{"@context":"https:\/\/schema.org","@graph":[{"@type":"WebPage","@id":"https:\/\/isen.es\/alumnos\/","url":"https:\/\/isen.es\/alumnos\/","name":"Alumnos - ISEN Centro Universitario","isPartOf":{"@id":"https:\/\/isen.es\/#website"},"datePublished":"2021-05-05T11:05:54+00:00","dateModified":"2023-09-21T14:30:52+00:00","breadcrumb":{"@id":"https:\/\/isen.es\/alumnos\/#breadcrumb"},"inLanguage":"en-GB","potentialAction":[{"@type":"ReadAction","target":["https:\/\/isen.es\/alumnos\/"]}]},{"@type":"BreadcrumbList","@id":"https:\/\/isen.es\/alumnos\/#breadcrumb","itemListElement":[{"@type":"ListItem","position":1,"name":"Portada","item":"https:\/\/isen.es\/"},{"@type":"ListItem","position":2,"name":"Alumnos"}]},{"@type":"WebSite","@id":"https:\/\/isen.es\/#website","url":"https:\/\/isen.es\/","name":"ISEN Centro Universitario","description":"Facultad Adscrita a la Universidad de Murcia","publisher":{"@id":"https:\/\/isen.es\/#organization"},"potentialAction":[{"@type":"SearchAction","target":{"@type":"EntryPoint","urlTemplate":"https:\/\/isen.es\/?s={search_term_string}"},"query-input":{"@type":"PropertyValueSpecification","valueRequired":true,"valueName":"search_term_string"}}],"inLanguage":"en-GB"},{"@type":"Organization","@id":"https:\/\/isen.es\/#organization","name":"ISEN Centro Universitario","url":"https:\/\/isen.es\/","logo":{"@type":"ImageObject","inLanguage":"en-GB","@id":"https:\/\/isen.es\/#\/schema\/logo\/image\/","url":"https:\/\/isen.es\/wp-content\/uploads\/2021\/05\/favicon-isen.png","contentUrl":"https:\/\/isen.es\/wp-content\/uploads\/2021\/05\/favicon-isen.png","width":512,"height":512,"caption":"ISEN Centro Universitario"},"image":{"@id":"https:\/\/isen.es\/#\/schema\/logo\/image\/"}}]}},"_links":{"self":[{"href":"https:\/\/isen.es\/en\/wp-json\/wp\/v2\/pages\/2060","targetHints":{"allow":["GET"]}}],"collection":[{"href":"https:\/\/isen.es\/en\/wp-json\/wp\/v2\/pages"}],"about":[{"href":"https:\/\/isen.es\/en\/wp-json\/wp\/v2\/types\/page"}],"author":[{"embeddable":true,"href":"https:\/\/isen.es\/en\/wp-json\/wp\/v2\/users\/2"}],"replies":[{"embeddable":true,"href":"https:\/\/isen.es\/en\/wp-json\/wp\/v2\/comments?post=2060"}],"version-history":[{"count":23,"href":"https:\/\/isen.es\/en\/wp-json\/wp\/v2\/pages\/2060\/revisions"}],"predecessor-version":[{"id":4305,"href":"https:\/\/isen.es\/en\/wp-json\/wp\/v2\/pages\/2060\/revisions\/4305"}],"wp:attachment":[{"href":"https:\/\/isen.es\/en\/wp-json\/wp\/v2\/media?parent=2060"}],"curies":[{"name":"wp","href":"https:\/\/api.w.org\/{rel}","templated":true}]}}