{"id":2327,"date":"2021-05-09T18:49:04","date_gmt":"2021-05-09T18:49:04","guid":{"rendered":"https:\/\/isen.es\/?page_id=2327"},"modified":"2021-05-11T10:35:29","modified_gmt":"2021-05-11T10:35:29","slug":"aviso-legal","status":"publish","type":"page","link":"https:\/\/isen.es\/en\/aviso-legal\/","title":{"rendered":"Legal Disclaimer."},"content":{"rendered":"<div class=\"vc_row wpb_row vc_row-fluid vc_custom_1620724421972\"><div class=\"wpb_column vc_column_container vc_col-sm-12\"><div class=\"vc_column-inner\"><div class=\"wpb_wrapper\"><h1 style=\"text-align: left\" class=\"vc_custom_heading\" >Legal Disclaimer.<\/h1><\/div><\/div><\/div><\/div><div class=\"vc_row wpb_row vc_row-fluid vc_custom_1620724394671\"><div class=\"wpb_column vc_column_container vc_col-sm-12\"><div class=\"vc_column-inner\"><div class=\"wpb_wrapper\">\n\t<div class=\"wpb_text_column wpb_content_element\" >\n\t\t<div class=\"wpb_wrapper\">\n\t\t\t<p>ATENCI\u00d3N: POR FAVOR, LEA DETENIDAMENTE ESTAS CONDICIONES ANTES DE<br \/>\nUTILIZAR ESTA WEB, NO LA UTILICE EN CASO DE NO ACEPTAR TALES CONDICIONES.<br \/>\nEl presente aviso legal recoge las condiciones generales que rigen el acceso y el uso del sitio<br \/>\nWeb www.isen.es<\/p>\n\n\t\t<\/div>\n\t<\/div>\n<h2 style=\"text-align: left\" class=\"vc_custom_heading vc_custom_1620724460291\" >DATOS DE LA EMPRESA<\/h2>\n\t<div class=\"wpb_text_column wpb_content_element\" >\n\t\t<div class=\"wpb_wrapper\">\n\t\t\t<p>En cumplimiento del art\u00edculo 10 de la Ley 34\/2002, de 11 de julio, de Servicios de la Sociedad<br \/>\nde la Informaci\u00f3n y Comercio Electr\u00f3nico, a continuaci\u00f3n se exponen los datos identificativos de<br \/>\nla empresa.<\/p>\n<p>Denominaci\u00f3n Social: ISEN CENTRO UNIVERSITARIO, S.L.<br \/>\n(en adelante ISEN) CIF: B-30654321<br \/>\nDomicilio: Calle Men\u00e9ndez Pelayo, N\u00ba 8, C.P. 30.204, Cartagena<br \/>\nTel\u00e9fono 968 50 53 13<\/p>\n<p>ISEN CENTRO UNIVERSITARIO como titular de la web www.isen.es pone a disposici\u00f3n<br \/>\nde los usuarios el presente documento con el que pretende dar cumplimiento a las obligaciones<br \/>\ndispuestas en la Ley 34\/2002, de Servicios de la Sociedad de la Informaci\u00f3n y del Comercio<br \/>\nElectr\u00f3nico (en adelante LSSI-CE) entre otra normativa vigente, as\u00ed\u0301 como informar a todos los<br \/>\nusuarios de las condiciones de uso. Toda persona que acceda a este sitio web asume el papel de<br \/>\nusuario, comprometi\u00e9ndose a la observancia y cumplimiento riguroso de las disposiciones aqu\u00ed\u0301<br \/>\ndispuestas, as\u00ed\u0301 como a cualquier otra disposici\u00f3n legal que fuera de aplicaci\u00f3n.<\/p>\n\n\t\t<\/div>\n\t<\/div>\n<h2 style=\"text-align: left\" class=\"vc_custom_heading vc_custom_1620724467383\" >CONDICIONES GENERALES<\/h2>\n\t<div class=\"wpb_text_column wpb_content_element\" >\n\t\t<div class=\"wpb_wrapper\">\n\t\t\t<p>El acceso y uso del sitio web implica la expresa y plena aceptaci\u00f3n de estas condiciones generales<br \/>\nen la versi\u00f3n publicada en el momento en que el usuario acceda al mismo, sin perjuicio de las<br \/>\ncondiciones particulares que pudieran aplicarse en algunos de los servicios concretos del sitio<br \/>\nweb.<\/p>\n<p>El usuario acepta que el acceso al presente sitio web y de los contenidos incluidos en el mismo<br \/>\ntiene lugar libre y conscientemente, bajo su exclusiva responsabilidad.<br \/>\nLos usuarios acceden al sitio web de forma libre y gratuita, si bien ISEN se reserva el derecho de<br \/>\nlimitar su acceso para determinados contenidos o servicios, exigiendo el registro de sus datos<br \/>\npreviamente al acceso.<\/p>\n<p>ISEN se reserva el derecho a modificar en cualquier momento la presentaci\u00f3n, configuraci\u00f3n y<br \/>\nlocalizaci\u00f3n del sitio web, as\u00ed como los contenidos, servicios y las condiciones requeridas para<br \/>\nutilizar los mismos cuando lo considere oportuno o con la finalidad de adecuarse a los cambios<br \/>\nlegislativos y tecnol\u00f3gicos futuros. Estas modificaciones ser\u00e1n v\u00e1lidas desde su publicaci\u00f3n en el<br \/>\nsitio web. ISEN se reserva el derecho a interrumpir el acceso al presente sitio web en cualquier<br \/>\nmomento y sin previo aviso, ya sea por motivos t\u00e9cnicos, de seguridad, de control, de<br \/>\nmantenimiento, por fallos de suministro el\u00e9ctrico, o por cualquier otra causa.<br \/>\nISEN se compromete a no remitir comunicaciones comerciales sin identificarlas como tales,<br \/>\nconforme a lo dispuesto en la Ley 34\/2002 LSSI-CE.<\/p>\n<p>A estos efectos no ser\u00e1 considerado como<br \/>\ncomunicaci\u00f3n comercial toda la informaci\u00f3n que se env\u00ede a los clientes siempre que tenga por<br \/>\nfinalidad el mantenimiento de la relaci\u00f3n contractual existente entre cliente y ISEN, as\u00ed como el<br \/>\ndesempe\u00f1o de las tareas de informaci\u00f3n, formaci\u00f3n y otras actividades propias del servicio que<br \/>\nel cliente tiene contratado con ISEN.<\/p>\n<p>Los datos de los Usuarios obtenidos a trav\u00e9s de la suscripci\u00f3n o registro a la presente p\u00e1gina web,<br \/>\nest\u00e1n protegidos mediante contrase\u00f1as elegidas por ellos mismos. El Usuario se compromete a<br \/>\nmantener su contrase\u00f1a en secreto y a protegerla de usos no autorizados por terceros. El Usuario<br \/>\ndeber\u00e1 notificar a ISEN inmediatamente cualquier uso no consentido de su cuenta o cualquier<br \/>\nviolaci\u00f3n de la seguridad relacionada con el servicio de la p\u00e1gina web, de la que haya tenido<br \/>\nconocimiento.<\/p>\n<p>Al inscribirse en nuestros boletines o utilizar nuestro formulario de contacto y darnos su<br \/>\nconsentimiento de forma voluntaria y expresa para el tratamiento de sus datos, de la misma forma<br \/>\ntendr\u00e1\u0301 el derecho de revocar este consentimiento, en cualquier momento, con la simple<br \/>\nnotificaci\u00f3n de dicha voluntad mediante correo postal o electr\u00f3nico, a trav\u00e9s de las direcciones<\/p>\n\n\t\t<\/div>\n\t<\/div>\n<h2 style=\"text-align: left\" class=\"vc_custom_heading vc_custom_1620724472265\" >AVISO DE COPYRIGHT.<\/h2>\n\t<div class=\"wpb_text_column wpb_content_element\" >\n\t\t<div class=\"wpb_wrapper\">\n\t\t\t<p>Derechos de autor y\/o Derechos sobre los Dise\u00f1os y Modelos<br \/>\nISEN ostenta la titularidad del presente sitio web.<\/p>\n<p>Todos los derechos de propiedad industrial e<br \/>\nintelectual sobre este portal de Internet est\u00e1n legalmente reservados, por lo que el acceso al mismo<br \/>\no su utilizaci\u00f3n, por parte del usuario, no debe considerarse, en forma alguna, como el<br \/>\notorgamiento de ninguna licencia de uso o derecho sobre cualquier activo<br \/>\nEl presente portal constituye una obra de la que ISEN es autor seg\u00fan los art\u00edculos 5 y siguientes<br \/>\ndel Texto Refundido de la Ley de Propiedad Intelectual (R.D. Leg. 1\/1996).<br \/>\nLas fotograf\u00edas, textos, esl\u00f3ganes, dise\u00f1os, im\u00e1genes, secuencias animadas sonoras o no, as\u00ed como<br \/>\ntodas las obras integradas en la web son de nuestra propiedad o de terceros que nos han autorizado<br \/>\npara utilizarlos.<\/p>\n<p>Las reproducciones, en soporte papel o inform\u00e1tico, de todo o parte del contenido de esta web<br \/>\nest\u00e1n autorizadas bajo la condici\u00f3n de que su uso sea estrictamente personal, que excluya todo<br \/>\nuso con fines publicitarios y\/o comerciales, o que no se contemplen dentro de los usos autorizados<br \/>\nen los art\u00edculos 31 a 40bis del Texto Refundido de la Ley de Propiedad Intelectual (R.D. Leg.<br \/>\n1\/1996).<\/p>\n<p>A excepci\u00f3n de estos supuestos, toda reproducci\u00f3n, representaci\u00f3n, utilizaci\u00f3n o modificaci\u00f3n,<br \/>\npara cualquier proceso y sea cual sea el soporte, de toda o parte de la web, de todas o parte de las<br \/>\nobras que lo componen, sin la previa autorizaci\u00f3n de la UNVERSIDAD DE MURCIA y de ISEN,<br \/>\nest\u00e1 estrictamente prohibida y constituye un delito tipificado en los art\u00edculos 270 y 271 del vigente<br \/>\nC\u00f3digo Penal, con penas de hasta cuatro a\u00f1os de prisi\u00f3n y 24 meses de multa, sin perjuicio de la<br \/>\nresponsabilidad civil derivada del citado delito conforme a los establecido en los art\u00edculos 138 y<br \/>\nsiguientes del Texto Refundido de la Ley de Propiedad Intelectual (R.D. Leg. 1\/1996).<\/p>\n\n\t\t<\/div>\n\t<\/div>\n<h2 style=\"text-align: left\" class=\"vc_custom_heading vc_custom_1620724478031\" >CL\u00c1USULA DE EXENCI\u00d3N DE RESPONSABILIDAD<\/h2>\n\t<div class=\"wpb_text_column wpb_content_element\" >\n\t\t<div class=\"wpb_wrapper\">\n\t\t\t<p>Los contenidos incorporados al sitio web han sido elaborados en todo momento de buena fe con<br \/>\nel prop\u00f3sito de dar informaci\u00f3n a los usuarios, por lo que ISEN no asume ning\u00fan tipo de<br \/>\nresponsabilidad respecto a la integridad o exactitud de la citada informaci\u00f3n ni garantiza la<br \/>\nexactitud ni la puesta al d\u00eda de la informaci\u00f3n que se pueda obtener del mismo, la cual podr\u00e1 ser<br \/>\nmodificada sin previo aviso. Tampoco se responsabiliza de los eventuales errores tipogr\u00e1ficos,<br \/>\nformales o num\u00e9ricos que pueda contener el sitio web.<\/p>\n<p>ISEN no se responsabiliza del mal uso que los usuarios puedan hacer del sitio web.<\/p>\n<p>1. Responsabilidad por el funcionamiento del sitio web.<br \/>\nISEN intentar\u00e1 reducir al m\u00ednimo los problemas ocasionados por errores de car\u00e1cter t\u00e9cnico,<br \/>\npudiendo proceder a la suspensi\u00f3n temporal de los servicios y contenidos del sitio web para<br \/>\nefectuar operaciones de mantenimiento, mejora o reparaci\u00f3n de los mismos, sin que ello origine<br \/>\nindemnizaci\u00f3n alguna al usuario por estos conceptos.<br \/>\nSe advierte que alguna informaci\u00f3n contenida en esta web puede haber sido creada o recogida en<br \/>\narchivos o formatos no exentos de errores, por lo que no se puede garantizar que el servicio no<br \/>\nquede interrumpido o afectado por tales problemas.<br \/>\nISEN no asume responsabilidad alguna respecto de los da\u00f1os que pudieran ocasionar al usuario a<br \/>\nresultas de la consulta de la presente p\u00e1gina web, o de aquellas otras externas objeto de reenv\u00edo.<\/p>\n<p>ISEN no ser\u00e1 responsable en caso de que existan interrupciones del servicio, o mal<br \/>\nfuncionamiento del mismo que tengan su origen en supuestos de caso fortuito, fuerza mayor u<br \/>\notras causas que escapan de su control.<\/p>\n<p>2. Responsabilidad por el uso de enlaces<br \/>\nISEN no asume ninguna responsabilidad derivada de la existencia de enlaces entre los contenidos<br \/>\nde este sitio y contenidos situados fuera del mismo, o de cualquier otra menci\u00f3n de contenidos<br \/>\nexternos a este sitio.<\/p>\n<p>Los enlaces, con o sin contenido publicitario, existentes en esta web permiten al usuario dejar el<br \/>\nsitio web de ISEN.<\/p>\n<p>Los lugares enlazados no est\u00e1n relacionados, excepto que exista alguna<br \/>\nespecificaci\u00f3n en contra, con ISEN, que no se hace responsable de los contenidos a los que se<br \/>\nacceda en virtud de los enlaces mencionados, ni de las modificaciones que se lleven a cabo, ni del<br \/>\nuso que de aquellos se haga, ni de la disponibilidad t\u00e9cnica de los mismos<br \/>\nEn cualquier caso, ISEN se compromete a hacer lo posible por evitar la existencia en su sitio web<br \/>\nde enlaces a sitios de contenido ilegal, que promuevan actividades il\u00edcitas y, en general, que sean<br \/>\nsusceptibles de atentar contra los principios de libertad y de dignidad humana o que vulneren los<br \/>\nvalores y derechos reconocidos por la Constituci\u00f3n espa\u00f1ola y por la Declaraci\u00f3n universal de los<br \/>\nderechos humanos. En el caso de que ISEN constate por alg\u00fan medio la ilicitud de la p\u00e1gina web,<br \/>\no que lesiona bienes o derechos de un tercero susceptibles de indemnizaci\u00f3n, suprimir\u00e1 o<br \/>\ninutilizar\u00e1 dicho enlace.<\/p>\n<p>La presencia de otros enlaces en el sitio web tiene una finalidad meramente informativa, no<br \/>\nconstituyendo en ning\u00fan caso una invitaci\u00f3n o recomendaci\u00f3n a la contrataci\u00f3n de productos o<br \/>\nservicios que se ofrezcan en el sitio de Internet de destino, y en ning\u00fan caso implican el apoyo a<br \/>\nlas personas o entidades autoras de tales contenidos o titulares de los sitios donde se encuentren.<\/p>\n<p>3. Responsabilidad por comunicaciones realizadas a trav\u00e9s de la web<br \/>\nLa informaci\u00f3n que contiene esta Web puede facilitarse a trav\u00e9s de Internet u otros medios. ISEN<br \/>\nno garantiza la privacidad de las comunicaciones realizadas por los usuarios en relaci\u00f3n o a trav\u00e9s<br \/>\nde esta Web.<\/p>\n<p>Los usuarios de esta Web afirman conocer que las comunicaciones transmitidas a<br \/>\ntrav\u00e9s de la misma son p\u00fablicas y no comunicaciones de car\u00e1cter privado.<br \/>\nISEN no utiliza t\u00e9cnicas de \u00abspamming\u00bb y \u00fanicamente tratar\u00e1 los datos que el usuario transmita<br \/>\nmediante el formulario electr\u00f3nico, el email o el registro de usuario habilitados en este sitio web.<\/p>\n<p>4. Responsabilidad por contenidos publicados en la Web<br \/>\nISEN se exime de cualquier tipo de responsabilidad derivada de la informaci\u00f3n publicada en la<br \/>\nweb, siempre que esta informaci\u00f3n haya sido manipulada o introducida por un tercero ajeno al<br \/>\nmismo. Las informaciones, tanto propias como de terceros, que aparecen en nuestra web se<br \/>\nproporcionan \u00abcomo est\u00e1n\u00bb, sin garant\u00edas de ning\u00fan tipo en cuanto a su exactitud y actualizaci\u00f3n,<br \/>\nexcepto cuando la legislaci\u00f3n vigente as\u00ed lo requiera. En consecuencia, ISEN no se hace<br \/>\nresponsable de los posibles perjuicios que pueda causar la utilizaci\u00f3n de las mismas.<\/p>\n<p>Asimismo, ISEN no se hace responsable de la licitud del contenido suministrado por los proveedores,<br \/>\nusuarios y otros terceros a trav\u00e9s de cualquier forma de utilizaci\u00f3n de este sitio web.<\/p>\n<p>En relaci\u00f3n con lo mencionado en el p\u00e1rrafo anterior, los documentos publicados podr\u00edan contener<br \/>\ninconsistencias t\u00e9cnicas o errores tipogr\u00e1ficos involuntarios, cuya responsabilidad no recae en<br \/>\nISEN, aunque esta instituci\u00f3n se compromete a enmendarlos, lo antes posible, desde el momento<br \/>\nen que tenga conocimiento de los mismos.<br \/>\nDesde www.isen.es es posible que se redirija a contenidos de terceros sitios web y dado que ISEN<br \/>\nno puede controlar siempre los contenidos introducidos por los terceros en sus sitios web, este no<br \/>\nasume ning\u00fan tipo de responsabilidad respecto a dichos contenidos.<br \/>\nEn cualquier caso, ISEN se compromete a actuar con diligencia para evitar la existencia en su<br \/>\nsitio web de contenidos il\u00edcitos y, en caso de que tenga conocimiento efectivo de dichos<br \/>\ncontenidos, a eliminarlos o a impedir el acceso a los mismos.<\/p>\n<p>En cumplimiento de lo dispuesto en<br \/>\nel art. 11 y 16 de la LSSI-CE, ISEN se pone a disposici\u00f3n de todos los usuarios, autoridades y<br \/>\nfuerzas de seguridad, y colaborando de forma activa en la retirada o en su caso bloqueo de todos<br \/>\naquellos contenidos que pudieran afectar o contravenir la legislaci\u00f3n nacional, o internacional,<br \/>\nderechos de terceros o la moral y el orden p\u00fablico.<\/p>\n\n\t\t<\/div>\n\t<\/div>\n<h2 style=\"text-align: left\" class=\"vc_custom_heading vc_custom_1620724483553\" >ENLACES\/ Aula Virtual Universidad de Murcia<\/h2>\n\t<div class=\"wpb_text_column wpb_content_element\" >\n\t\t<div class=\"wpb_wrapper\">\n\t\t\t<p>ISEN, como Centro de Ense\u00f1anza Superior adscrito a la UNIVERSIDAD DE MURCIA,<br \/>\nredirige desde su web a sus alumnos, por ser de uso obligatorio para \u00e9stos, al AULA VIRTUAL<br \/>\nde la Universidad de Murcia, plataforma de comunicaci\u00f3n web entre alumnado, profesorado y el<br \/>\ncentro, que ofrece m\u00faltiples herramientas: gu\u00eda docente, calendario, publicaci\u00f3n del material de<br \/>\nla asignatura, contenidos, avisos de la asignatura, foros de debate, chat de conversaci\u00f3n para los<br \/>\nmiembros de la asignatura, tareas, gesti\u00f3n de reuniones y entrevistas, llamamientos a examen,<br \/>\nrealizaci\u00f3n de evaluaci\u00f3n on-line, calificaciones y actas, etc.<br \/>\nISEN no es responsable de las opiniones que pudieran expresarse en los diferentes foros<br \/>\npermanentes y en las tertulias ocasionales que se desarrollen en su sitio web. En cualquier caso,<br \/>\nes prop\u00f3sito de ISEN procurar una utilizaci\u00f3n correcta de estos mecanismos, con el m\u00e1ximo<br \/>\nrespecto a la dignidad de las personas y a la libertad de expresi\u00f3n amparada por la Constituci\u00f3n<br \/>\nespa\u00f1ola.<br \/>\nEn todo caso, para interponer cualquier reclamaci\u00f3n relacionada con los contenidos insertados en<br \/>\nel aula virtual o en las secciones an\u00e1logas de la Universidad de Murcia, puede hacerlo dirigi\u00e9ndose<br \/>\na la siguiente direcci\u00f3n de correo electr\u00f3nico: www.um.es\/atica<br \/>\nEstas condiciones se regir\u00e1n e interpretar\u00e1n conforme a la legislaci\u00f3n espa\u00f1ola. Para la resoluci\u00f3n<br \/>\nde todas las controversias o cuestiones relacionadas con el presente sitio web o de las actividades<br \/>\nen \u00e9l desarrolladas, ser\u00e1\u0301 de aplicaci\u00f3n la legislaci\u00f3n espa\u00f1ola, a la que se someten expresamente<br \/>\nlas partes y se subsanaran ante los tribunales competentes. No obstante, ser\u00e1\u0301 obligatorio que en<br \/>\ncaso de conflicto las partes intenten previamente resolver la cuesti\u00f3n de mutuo acuerdo.<\/p>\n\n\t\t<\/div>\n\t<\/div>\n<\/div><\/div><\/div><\/div>","protected":false},"excerpt":{"rendered":"Aviso Legal ATENCI\u00d3N: POR FAVOR, LEA DETENIDAMENTE ESTAS CONDICIONES ANTES DE UTILIZAR ESTA WEB, NO LA UTILICE EN CASO DE NO ACEPTAR TALES CONDICIONES. El [...]","protected":false},"author":2,"featured_media":0,"parent":0,"menu_order":0,"comment_status":"closed","ping_status":"closed","template":"","meta":{"_acf_changed":false,"inline_featured_image":false,"footnotes":""},"class_list":["post-2327","page","type-page","status-publish","hentry"],"acf":[],"yoast_head":"<!-- This site is optimized with the Yoast SEO plugin v27.3 - https:\/\/yoast.com\/product\/yoast-seo-wordpress\/ -->\n<title>Aviso Legal - ISEN Centro Universitario<\/title>\n<meta name=\"robots\" content=\"index, follow, max-snippet:-1, max-image-preview:large, max-video-preview:-1\" \/>\n<link rel=\"canonical\" href=\"https:\/\/isen.es\/en\/aviso-legal\/\" \/>\n<meta property=\"og:locale\" content=\"en_GB\" \/>\n<meta property=\"og:type\" content=\"article\" \/>\n<meta property=\"og:title\" content=\"Aviso Legal - ISEN Centro Universitario\" \/>\n<meta property=\"og:url\" content=\"https:\/\/isen.es\/en\/aviso-legal\/\" \/>\n<meta property=\"og:site_name\" content=\"ISEN Centro Universitario\" \/>\n<meta property=\"article:modified_time\" content=\"2021-05-11T10:35:29+00:00\" \/>\n<meta name=\"twitter:card\" content=\"summary_large_image\" \/>\n<meta name=\"twitter:label1\" content=\"Estimated reading time\" \/>\n\t<meta name=\"twitter:data1\" content=\"13 minutes\" \/>\n<script type=\"application\/ld+json\" class=\"yoast-schema-graph\">{\"@context\":\"https:\\\/\\\/schema.org\",\"@graph\":[{\"@type\":\"WebPage\",\"@id\":\"https:\\\/\\\/isen.es\\\/aviso-legal\\\/\",\"url\":\"https:\\\/\\\/isen.es\\\/aviso-legal\\\/\",\"name\":\"Aviso Legal - ISEN Centro Universitario\",\"isPartOf\":{\"@id\":\"https:\\\/\\\/isen.es\\\/#website\"},\"datePublished\":\"2021-05-09T18:49:04+00:00\",\"dateModified\":\"2021-05-11T10:35:29+00:00\",\"breadcrumb\":{\"@id\":\"https:\\\/\\\/isen.es\\\/aviso-legal\\\/#breadcrumb\"},\"inLanguage\":\"en-GB\",\"potentialAction\":[{\"@type\":\"ReadAction\",\"target\":[\"https:\\\/\\\/isen.es\\\/aviso-legal\\\/\"]}]},{\"@type\":\"BreadcrumbList\",\"@id\":\"https:\\\/\\\/isen.es\\\/aviso-legal\\\/#breadcrumb\",\"itemListElement\":[{\"@type\":\"ListItem\",\"position\":1,\"name\":\"Portada\",\"item\":\"https:\\\/\\\/isen.es\\\/\"},{\"@type\":\"ListItem\",\"position\":2,\"name\":\"Aviso Legal\"}]},{\"@type\":\"WebSite\",\"@id\":\"https:\\\/\\\/isen.es\\\/#website\",\"url\":\"https:\\\/\\\/isen.es\\\/\",\"name\":\"ISEN Centro Universitario\",\"description\":\"Facultad Adscrita a la Universidad de Murcia\",\"publisher\":{\"@id\":\"https:\\\/\\\/isen.es\\\/#organization\"},\"potentialAction\":[{\"@type\":\"SearchAction\",\"target\":{\"@type\":\"EntryPoint\",\"urlTemplate\":\"https:\\\/\\\/isen.es\\\/?s={search_term_string}\"},\"query-input\":{\"@type\":\"PropertyValueSpecification\",\"valueRequired\":true,\"valueName\":\"search_term_string\"}}],\"inLanguage\":\"en-GB\"},{\"@type\":\"Organization\",\"@id\":\"https:\\\/\\\/isen.es\\\/#organization\",\"name\":\"ISEN Centro Universitario\",\"url\":\"https:\\\/\\\/isen.es\\\/\",\"logo\":{\"@type\":\"ImageObject\",\"inLanguage\":\"en-GB\",\"@id\":\"https:\\\/\\\/isen.es\\\/#\\\/schema\\\/logo\\\/image\\\/\",\"url\":\"https:\\\/\\\/isen.es\\\/wp-content\\\/uploads\\\/2021\\\/05\\\/favicon-isen.png\",\"contentUrl\":\"https:\\\/\\\/isen.es\\\/wp-content\\\/uploads\\\/2021\\\/05\\\/favicon-isen.png\",\"width\":512,\"height\":512,\"caption\":\"ISEN Centro Universitario\"},\"image\":{\"@id\":\"https:\\\/\\\/isen.es\\\/#\\\/schema\\\/logo\\\/image\\\/\"}}]}<\/script>\n<!-- \/ Yoast SEO plugin. -->","yoast_head_json":{"title":"Aviso Legal - ISEN Centro Universitario","robots":{"index":"index","follow":"follow","max-snippet":"max-snippet:-1","max-image-preview":"max-image-preview:large","max-video-preview":"max-video-preview:-1"},"canonical":"https:\/\/isen.es\/en\/aviso-legal\/","og_locale":"en_GB","og_type":"article","og_title":"Aviso Legal - ISEN Centro Universitario","og_url":"https:\/\/isen.es\/en\/aviso-legal\/","og_site_name":"ISEN Centro Universitario","article_modified_time":"2021-05-11T10:35:29+00:00","twitter_card":"summary_large_image","twitter_misc":{"Estimated reading time":"13 minutes"},"schema":{"@context":"https:\/\/schema.org","@graph":[{"@type":"WebPage","@id":"https:\/\/isen.es\/aviso-legal\/","url":"https:\/\/isen.es\/aviso-legal\/","name":"Aviso Legal - ISEN Centro Universitario","isPartOf":{"@id":"https:\/\/isen.es\/#website"},"datePublished":"2021-05-09T18:49:04+00:00","dateModified":"2021-05-11T10:35:29+00:00","breadcrumb":{"@id":"https:\/\/isen.es\/aviso-legal\/#breadcrumb"},"inLanguage":"en-GB","potentialAction":[{"@type":"ReadAction","target":["https:\/\/isen.es\/aviso-legal\/"]}]},{"@type":"BreadcrumbList","@id":"https:\/\/isen.es\/aviso-legal\/#breadcrumb","itemListElement":[{"@type":"ListItem","position":1,"name":"Portada","item":"https:\/\/isen.es\/"},{"@type":"ListItem","position":2,"name":"Aviso Legal"}]},{"@type":"WebSite","@id":"https:\/\/isen.es\/#website","url":"https:\/\/isen.es\/","name":"ISEN Centro Universitario","description":"Facultad Adscrita a la Universidad de Murcia","publisher":{"@id":"https:\/\/isen.es\/#organization"},"potentialAction":[{"@type":"SearchAction","target":{"@type":"EntryPoint","urlTemplate":"https:\/\/isen.es\/?s={search_term_string}"},"query-input":{"@type":"PropertyValueSpecification","valueRequired":true,"valueName":"search_term_string"}}],"inLanguage":"en-GB"},{"@type":"Organization","@id":"https:\/\/isen.es\/#organization","name":"ISEN Centro Universitario","url":"https:\/\/isen.es\/","logo":{"@type":"ImageObject","inLanguage":"en-GB","@id":"https:\/\/isen.es\/#\/schema\/logo\/image\/","url":"https:\/\/isen.es\/wp-content\/uploads\/2021\/05\/favicon-isen.png","contentUrl":"https:\/\/isen.es\/wp-content\/uploads\/2021\/05\/favicon-isen.png","width":512,"height":512,"caption":"ISEN Centro Universitario"},"image":{"@id":"https:\/\/isen.es\/#\/schema\/logo\/image\/"}}]}},"_links":{"self":[{"href":"https:\/\/isen.es\/en\/wp-json\/wp\/v2\/pages\/2327","targetHints":{"allow":["GET"]}}],"collection":[{"href":"https:\/\/isen.es\/en\/wp-json\/wp\/v2\/pages"}],"about":[{"href":"https:\/\/isen.es\/en\/wp-json\/wp\/v2\/types\/page"}],"author":[{"embeddable":true,"href":"https:\/\/isen.es\/en\/wp-json\/wp\/v2\/users\/2"}],"replies":[{"embeddable":true,"href":"https:\/\/isen.es\/en\/wp-json\/wp\/v2\/comments?post=2327"}],"version-history":[{"count":12,"href":"https:\/\/isen.es\/en\/wp-json\/wp\/v2\/pages\/2327\/revisions"}],"predecessor-version":[{"id":2444,"href":"https:\/\/isen.es\/en\/wp-json\/wp\/v2\/pages\/2327\/revisions\/2444"}],"wp:attachment":[{"href":"https:\/\/isen.es\/en\/wp-json\/wp\/v2\/media?parent=2327"}],"curies":[{"name":"wp","href":"https:\/\/api.w.org\/{rel}","templated":true}]}}