{"id":2451,"date":"2021-05-11T10:08:10","date_gmt":"2021-05-11T10:08:10","guid":{"rendered":"https:\/\/isen.es\/?page_id=2451"},"modified":"2021-05-11T10:36:13","modified_gmt":"2021-05-11T10:36:13","slug":"cookies","status":"publish","type":"page","link":"https:\/\/isen.es\/en\/cookies\/","title":{"rendered":"Cookies"},"content":{"rendered":"<div class=\"vc_row wpb_row vc_row-fluid vc_custom_1620724421972\"><div class=\"wpb_column vc_column_container vc_col-sm-12\"><div class=\"vc_column-inner\"><div class=\"wpb_wrapper\"><h1 style=\"text-align: left\" class=\"vc_custom_heading\" >Cookies<\/h1><\/div><\/div><\/div><\/div><div class=\"vc_row wpb_row vc_row-fluid vc_custom_1620724394671\"><div class=\"wpb_column vc_column_container vc_col-sm-12\"><div class=\"vc_column-inner\"><div class=\"wpb_wrapper\"><h2 style=\"text-align: left\" class=\"vc_custom_heading vc_custom_1620726988345\" >Cookies<\/h2>\n\t<div class=\"wpb_text_column wpb_content_element\" >\n\t\t<div class=\"wpb_wrapper\">\n\t\t\t<p>Este portal, al igual que la mayor\u00eda de los portales en Internet, usa cookies para mejorar la experiencia de navegaci\u00f3n del usuario. Las cookies<br \/>\npersonalizan los servicios que ofrece el sitio web, ofreciendo a cada usuario informaci\u00f3n que puede ser de su inter\u00e9s, en atenci\u00f3n al uso que realiza<br \/>\nde esta web. A continuaci\u00f3n, encontrar\u00e1 informaci\u00f3n sobre qu\u00e9 son las cookies, qu\u00e9 tipo de cookies utiliza esta web, c\u00f3mo puede desactivar las<br \/>\ncookies en su navegador o c\u00f3mo desactivar espec\u00edficamente la instalaci\u00f3n de cookies de terceros y qu\u00e9 ocurre en caso de deshabilitarlas.<\/p>\n\n\t\t<\/div>\n\t<\/div>\n<h2 style=\"text-align: left\" class=\"vc_custom_heading vc_custom_1620727005941\" >\u00bfQU\u00c9 SON LAS COOKIES?<\/h2>\n\t<div class=\"wpb_text_column wpb_content_element\" >\n\t\t<div class=\"wpb_wrapper\">\n\t\t\t<p>Las cookies son peque\u00f1os archivos que algunas plataformas, como las p\u00e1ginas web, pueden instalar en su ordenador, smartphone, tableta o<br \/>\ntelevisi\u00f3n conectada, al acceder a las mismas. Sus funciones pueden ser muy variadas: almacenar sus preferencias de navegaci\u00f3n, recopilar<br \/>\ninformaci\u00f3n estad\u00edstica, permitir ciertas funcionalidades t\u00e9cnicas, almacenar y recuperar informaci\u00f3n sobre los h\u00e1bitos de navegaci\u00f3n o preferencias<br \/>\nde un usuario o de su equipo hasta el punto, en ocasiones, dependiendo de la informaci\u00f3n que contengan y de la forma en que utilice su equipo, de<br \/>\npoder reconocerlo. Una cookie se almacena en un ordenador para personalizar y facilitar al m\u00e1ximo la navegaci\u00f3n del usuario. Las cookies se<br \/>\nasocian \u00fanicamente a un usuario y su ordenador y no proporcionan referencias que permitan deducir datos personales del usuario. El usuario podr\u00e1<br \/>\nconfigurar su navegador para que notifique o rechace la instalaci\u00f3n de las cookies enviadas por el sitio web.<\/p>\n\n\t\t<\/div>\n\t<\/div>\n<h2 style=\"text-align: left\" class=\"vc_custom_heading vc_custom_1620727025583\" >\u00bfPOR QU\u00c9 SON IMPORTANTES?<\/h2>\n\t<div class=\"wpb_text_column wpb_content_element\" >\n\t\t<div class=\"wpb_wrapper\">\n\t\t\t<p>Las cookies son \u00fatiles por varios motivos. Desde un punto de vista t\u00e9cnico, permiten que las p\u00e1ginas web funcionen de forma m\u00e1s \u00e1gil y adaptada<br \/>\na las preferencias del usuario como, por ejemplo, almacenar su idioma o la moneda de su pa\u00eds. Adem\u00e1s, ayudan a los responsables de los sitios<br \/>\nweb a mejorar los servicios que ofrecen, gracias a la informaci\u00f3n estad\u00edstica que recogen a trav\u00e9s de ellas. Finalmente, sirven para hacer m\u00e1s<br \/>\neficiente la publicidad que le mostramos, gracias a la cual le podemos ofrecer servicios de forma gratuita.<\/p>\n\n\t\t<\/div>\n\t<\/div>\n<h2 style=\"text-align: left\" class=\"vc_custom_heading vc_custom_1620727046106\" >\u00bfC\u00d3MO UTILIZAMOS LAS COOKIES?<\/h2>\n\t<div class=\"wpb_text_column wpb_content_element\" >\n\t\t<div class=\"wpb_wrapper\">\n\t\t\t<p>Navegar por esta web supone que se puedan instalar los siguientes tipos de cookies:<br \/>\nCookies de mejora del rendimiento<br \/>\nEste tipo de cookies conserva sus preferencias para ciertas herramientas o servicios para que no tenga que reconfigurarlos cada vez que visita<br \/>\nnuestro portal y, en algunos casos, pueden ser aportadas por terceros. Algunos ejemplos de este tipo de cookies son: ajuste del volumen de los<br \/>\nreproductores audiovisuales, preferencias de ordenaci\u00f3n de art\u00edculos o velocidades de reproducci\u00f3n de v\u00eddeo compatibles. En el caso de comercio<br \/>\nelectr\u00f3nico, permiten mantener informaci\u00f3n sobre su cesta de la compra.<br \/>\nCookies de an\u00e1lisis estad\u00edstico<br \/>\nSon aquellas que, bien tratadas por nosotros o por terceros, permiten cuantificar el n\u00famero de visitantes y analizar estad\u00edsticamente la utilizaci\u00f3n<br \/>\nque hacen los usuarios de nuestros servicios. Gracias a ellas podemos estudiar la navegaci\u00f3n por nuestra p\u00e1gina web y mejorar as\u00ed la oferta de<br \/>\nproductos o servicios que ofrecemos. Estas cookies no ir\u00e1n asociadas a ning\u00fan dato de car\u00e1cter personal que pueda identificar al usuario, dando<br \/>\ninformaci\u00f3n sobre el comportamiento de navegaci\u00f3n de forma an\u00f3nima.<br \/>\nCookies de geolocalizaci\u00f3n<br \/>\nEstas cookies son usadas por programas que intentan localizar geogr\u00e1ficamente la situaci\u00f3n del ordenador, smartphone, tableta o televisi\u00f3n<br \/>\nconectada, para de manera totalmente an\u00f3nima ofrecerle contenidos y servicios m\u00e1s adecuados.<br \/>\nCookies de registro<br \/>\nSon cookies que le identifican como usuario registrado e indican cu\u00e1ndo usted se ha identificado en la web. Estas cookies son utilizadas para<br \/>\nidentificar su cuenta de usuario y sus servicios asociados, facilitando as\u00ed su navegaci\u00f3n. Estas cookies se mantienen mientras usted no abandone la<br \/>\ncuenta, cierre el navegador o apague el dispositivo. Estas cookies pueden ser utilizadas en combinaci\u00f3n con datos anal\u00edticos para identificar de<br \/>\nmanera individual sus preferencias en nuestro portal.<br \/>\nCookies publicitarias<br \/>\nSon aqu\u00e9llas que, bien tratadas por nosotros o por terceros, permiten gestionar eficazmente los espacios publicitarios de nuestro sitio web,<br \/>\nadecuando el contenido del anuncio al contenido del servicio solicitado o al uso que realice de nuestra p\u00e1gina web. Gracias a ella podemos conocer<br \/>\nsus h\u00e1bitos de navegaci\u00f3n en internet y mostrarle publicidad relacionada con su perfil de navegaci\u00f3n.<br \/>\nOtras cookies de terceros<br \/>\nEn algunas de nuestras p\u00e1ginas se pueden instalar cookies de terceros que permitan gestionar y mejorar los servicios que \u00e9stos ofrecen. Un ejemplo<br \/>\nde este uso son los enlaces a las redes sociales que permiten compartir nuestros contenidos.<\/p>\n\n\t\t<\/div>\n\t<\/div>\n<h2 style=\"text-align: left\" class=\"vc_custom_heading vc_custom_1620727070003\" >\u00bfC\u00d3MO PUEDO CONFIGURAR MIS PREFERENCIAS?<\/h2>\n\t<div class=\"wpb_text_column wpb_content_element\" >\n\t\t<div class=\"wpb_wrapper\">\n\t\t\t<p>Usted puede permitir, bloquear o eliminar las cookies instaladas en su equipo mediante la configuraci\u00f3n de las opciones de su navegador de internet.<br \/>\nA continuaci\u00f3n, le ofrecemos enlaces en los que encontrar\u00e1 informaci\u00f3n sobre c\u00f3mo puede activar sus preferencias en los principales navegadores:<br \/>\n\uf0d8 Google Chrome: https:\/\/support.google.com\/chrome\/answer\/95647?hl=es<br \/>\n\uf0d8 Mozilla Firefox: https:\/\/support.mozilla.org\/es\/kb\/cookies-informacion-que-los-sitios-web-guardan-en-?redirectlocale=enUS&amp;redirectslug=Cookies<br \/>\n\uf0d8 Internet Explorer: https:\/\/support.microsoft.com\/es-es\/help\/278835\/how-to-delete-cookie-files-in-internet-explorer<br \/>\n\uf0d8 Safari: https:\/\/support.apple.com\/?path=Safari\/3.0\/fr\/9277.html<br \/>\n\uf0d8 Safari para IOS (iPhone, iPad): https:\/\/support.apple.com\/es-es\/HT201265<\/p>\n\n\t\t<\/div>\n\t<\/div>\n<h2 style=\"text-align: left\" class=\"vc_custom_heading vc_custom_1620727109979\" >\u00bfQU\u00c9 OCURRE SI SE DESHABILITAN LAS COOKIES?<\/h2>\n\t<div class=\"wpb_text_column wpb_content_element\" >\n\t\t<div class=\"wpb_wrapper\">\n\t\t\t<p>En el caso de bloquear o no aceptar la instalaci\u00f3n de cookies es posible que ciertos servicios ofrecidos por nuestro sitio web que necesitan su uso<br \/>\nqueden deshabilitados y, por lo tanto, no est\u00e9n disponibles para usted por lo que no podr\u00e1 aprovechar por completo todo lo que nuestra web y<br \/>\naplicaciones le ofrecen. Es posible tambi\u00e9n que la calidad de funcionamiento de la p\u00e1gina web pueda disminuir.<\/p>\n\n\t\t<\/div>\n\t<\/div>\n\n\t<div class=\"wpb_text_column wpb_content_element  vc_custom_1620727711941\" >\n\t\t<div class=\"wpb_wrapper\">\n\t\t\t<table class=\"default\">\n<tbody>\n<tr>\n<th>Cookie<\/th>\n<th>Name<\/th>\n<th>Prop\u00f3sito<\/th>\n<th>Propietario<\/th>\n<th>M\u00e1s informaci\u00f3n<\/th>\n<\/tr>\n<tr>\n<td>ISEN UNIVERSIDAD<\/td>\n<td>PHPSESSID<\/td>\n<td>Esta cookie es generada por el lenguaje de<br \/>\nprogramaci\u00f3n PHP. Genera una sesi\u00f3n de<br \/>\nnavegaci\u00f3n an\u00f3nima para el correcto<br \/>\nfuncionamiento del sitio web. Caduca al finalizar<br \/>\nla sesi\u00f3n.<\/td>\n<td>Wordfence<\/td>\n<td>Pol\u00edtica de cookies ISEN UNIVERSIDAD<\/td>\n<\/tr>\n<tr>\n<td>Wordfence<\/td>\n<td>wfvt_3473390517<\/td>\n<td>Registra el tr\u00e1fico de la web y el tiempo de<br \/>\npermanencia en la misma, con la finalidad de<br \/>\nprevenir posibles ataques o software malicioso.<\/td>\n<td>Wordfence<\/td>\n<td>Wordfence<\/td>\n<\/tr>\n<tr>\n<td>Google Analytics<\/td>\n<td>_ga,_gat<\/td>\n<td>Recopila informaci\u00f3n an\u00f3nima sobre la<br \/>\nnavegaci\u00f3n de los usuarios por el sitio web con el<br \/>\nfin de conocer el origen de las visitas y otros<br \/>\ndatos estad\u00edsticos similares. Actualmente no<br \/>\nusamos estas cookies.<\/td>\n<td>Google<\/td>\n<td>Centro de privacidad<br \/>\nde Google<br \/>\nComplemento de<br \/>\ninhabilitaci\u00f3n de<br \/>\nGoogle Analytics<\/td>\n<\/tr>\n<tr>\n<td>Google<\/td>\n<td>APISID, SID, HSID, NID<\/td>\n<td>Google guarda las preferencias de usuarios y otra<br \/>\ninformaci\u00f3n.<\/td>\n<td>Google<\/td>\n<td>Centro de privacidad<br \/>\nde Google<\/td>\n<\/tr>\n<tr>\n<td>Facebook<\/td>\n<td>act, c_user, csm, datr, locale, lu,<br \/>\np, presence, s, xs<\/td>\n<td>Permite al usuario de Facebook ser identificado<br \/>\nen el sitio web y poder dar \u201cMe gusta\u201da trav\u00e9s de<br \/>\nsu cuenta<\/td>\n<td>Facebook<\/td>\n<td>Privacy Policy<br \/>\nde Facebook<\/td>\n<\/tr>\n<tr>\n<td>Twitter<\/td>\n<td>metrics_token, pid, _ga,<br \/>\n_twitter_sess, auth_token,<br \/>\ngest_id, remember_checked_on<\/td>\n<td>Permite al usuario de Twitter ser identificado en<br \/>\nel sitio web y poder twittear a trav\u00e9s de su cuenta<\/td>\n<td>Twitter<\/td>\n<td>Privacy Policy<br \/>\nde Twitter<\/td>\n<\/tr>\n<tr>\n<td>Linkedin<\/td>\n<td>IN_HASH, lidc<\/td>\n<td>Permite ubicar en el sitio web funcionalidades de<br \/>\nLinkedin, como el bot\u00f3n de compartir.<\/td>\n<td>Linkedin<\/td>\n<td>Privacy Policy<br \/>\nde Linkedin<\/td>\n<\/tr>\n<\/tbody>\n<\/table>\n\n\t\t<\/div>\n\t<\/div>\n<h2 style=\"text-align: left\" class=\"vc_custom_heading vc_custom_1620727646745\" >ACEPTACI\u00d3N DE COOKIES<\/h2>\n\t<div class=\"wpb_text_column wpb_content_element\" >\n\t\t<div class=\"wpb_wrapper\">\n\t\t\t<p>Usted acepta la utilizaci\u00f3n de cookies para navegar por nuestra web despu\u00e9s de haberle informado sobre nuestra Pol\u00edtica de cookies.<br \/>\nAl acceder a este sitio web o aplicaci\u00f3n por primera vez, ver\u00e1 una ventana donde se le informa de la utilizaci\u00f3n de las cookies y donde puede<br \/>\nconsultar esta pol\u00edtica de cookies. Si usted consiente la utilizaci\u00f3n de cookies, \u00e9stas se instalar\u00e1n en su equipo o dispositivo.<br \/>\nAdem\u00e1s del uso de nuestras cookies propias, permitimos a terceros establecer cookies y acceder a ellas en su ordenador. El consentimiento del uso<br \/>\nde las cookies de esta empresa est\u00e1 ligado a la navegaci\u00f3n por este sitio web.<br \/>\nPara cualquier consulta sobre el uso de cookies en nuestro sitio web puedes dirigirte al email informacion@isen.es<\/p>\n\n\t\t<\/div>\n\t<\/div>\n<h2 style=\"text-align: left\" class=\"vc_custom_heading vc_custom_1620727681279\" >Modificaci\u00f3n de las condiciones de uso<\/h2>\n\t<div class=\"wpb_text_column wpb_content_element\" >\n\t\t<div class=\"wpb_wrapper\">\n\t\t\t<p>ISEN CENTRO UNIVERSITARIO se reserva el derecho de desarrollar o actualizar en cualquier momento las condiciones de uso de la presente<br \/>\np\u00e1gina web por lo que el usuario deber\u00e1 leerlas peri\u00f3dicamente.<\/p>\n\n\t\t<\/div>\n\t<\/div>\n<\/div><\/div><\/div><\/div>","protected":false},"excerpt":{"rendered":"CookiesCookies Este portal, al igual que la mayor\u00eda de los portales en Internet, usa cookies para mejorar la experiencia de navegaci\u00f3n del usuario. Las cookies [...]","protected":false},"author":2,"featured_media":0,"parent":0,"menu_order":0,"comment_status":"closed","ping_status":"closed","template":"","meta":{"_acf_changed":false,"inline_featured_image":false,"footnotes":""},"class_list":["post-2451","page","type-page","status-publish","hentry"],"acf":[],"yoast_head":"<!-- This site is optimized with the Yoast SEO plugin v27.4 - https:\/\/yoast.com\/product\/yoast-seo-wordpress\/ -->\n<title>Cookies - ISEN Centro Universitario<\/title>\n<meta name=\"robots\" content=\"index, follow, max-snippet:-1, max-image-preview:large, max-video-preview:-1\" \/>\n<link rel=\"canonical\" href=\"https:\/\/isen.es\/en\/cookies\/\" \/>\n<meta property=\"og:locale\" content=\"en_GB\" \/>\n<meta property=\"og:type\" content=\"article\" \/>\n<meta property=\"og:title\" content=\"Cookies - ISEN Centro Universitario\" \/>\n<meta property=\"og:url\" content=\"https:\/\/isen.es\/en\/cookies\/\" \/>\n<meta property=\"og:site_name\" content=\"ISEN Centro Universitario\" \/>\n<meta property=\"article:modified_time\" content=\"2021-05-11T10:36:13+00:00\" \/>\n<meta name=\"twitter:card\" content=\"summary_large_image\" \/>\n<meta name=\"twitter:label1\" content=\"Estimated reading time\" \/>\n\t<meta name=\"twitter:data1\" content=\"8 minutes\" \/>\n<script type=\"application\/ld+json\" class=\"yoast-schema-graph\">{\"@context\":\"https:\\\/\\\/schema.org\",\"@graph\":[{\"@type\":\"WebPage\",\"@id\":\"https:\\\/\\\/isen.es\\\/cookies\\\/\",\"url\":\"https:\\\/\\\/isen.es\\\/cookies\\\/\",\"name\":\"Cookies - ISEN Centro Universitario\",\"isPartOf\":{\"@id\":\"https:\\\/\\\/isen.es\\\/#website\"},\"datePublished\":\"2021-05-11T10:08:10+00:00\",\"dateModified\":\"2021-05-11T10:36:13+00:00\",\"breadcrumb\":{\"@id\":\"https:\\\/\\\/isen.es\\\/cookies\\\/#breadcrumb\"},\"inLanguage\":\"en-GB\",\"potentialAction\":[{\"@type\":\"ReadAction\",\"target\":[\"https:\\\/\\\/isen.es\\\/cookies\\\/\"]}]},{\"@type\":\"BreadcrumbList\",\"@id\":\"https:\\\/\\\/isen.es\\\/cookies\\\/#breadcrumb\",\"itemListElement\":[{\"@type\":\"ListItem\",\"position\":1,\"name\":\"Portada\",\"item\":\"https:\\\/\\\/isen.es\\\/\"},{\"@type\":\"ListItem\",\"position\":2,\"name\":\"Cookies\"}]},{\"@type\":\"WebSite\",\"@id\":\"https:\\\/\\\/isen.es\\\/#website\",\"url\":\"https:\\\/\\\/isen.es\\\/\",\"name\":\"ISEN Centro Universitario\",\"description\":\"Facultad Adscrita a la Universidad de Murcia\",\"publisher\":{\"@id\":\"https:\\\/\\\/isen.es\\\/#organization\"},\"potentialAction\":[{\"@type\":\"SearchAction\",\"target\":{\"@type\":\"EntryPoint\",\"urlTemplate\":\"https:\\\/\\\/isen.es\\\/?s={search_term_string}\"},\"query-input\":{\"@type\":\"PropertyValueSpecification\",\"valueRequired\":true,\"valueName\":\"search_term_string\"}}],\"inLanguage\":\"en-GB\"},{\"@type\":\"Organization\",\"@id\":\"https:\\\/\\\/isen.es\\\/#organization\",\"name\":\"ISEN Centro Universitario\",\"url\":\"https:\\\/\\\/isen.es\\\/\",\"logo\":{\"@type\":\"ImageObject\",\"inLanguage\":\"en-GB\",\"@id\":\"https:\\\/\\\/isen.es\\\/#\\\/schema\\\/logo\\\/image\\\/\",\"url\":\"https:\\\/\\\/isen.es\\\/wp-content\\\/uploads\\\/2021\\\/05\\\/favicon-isen.png\",\"contentUrl\":\"https:\\\/\\\/isen.es\\\/wp-content\\\/uploads\\\/2021\\\/05\\\/favicon-isen.png\",\"width\":512,\"height\":512,\"caption\":\"ISEN Centro Universitario\"},\"image\":{\"@id\":\"https:\\\/\\\/isen.es\\\/#\\\/schema\\\/logo\\\/image\\\/\"}}]}<\/script>\n<!-- \/ Yoast SEO plugin. -->","yoast_head_json":{"title":"Cookies - ISEN Centro Universitario","robots":{"index":"index","follow":"follow","max-snippet":"max-snippet:-1","max-image-preview":"max-image-preview:large","max-video-preview":"max-video-preview:-1"},"canonical":"https:\/\/isen.es\/en\/cookies\/","og_locale":"en_GB","og_type":"article","og_title":"Cookies - ISEN Centro Universitario","og_url":"https:\/\/isen.es\/en\/cookies\/","og_site_name":"ISEN Centro Universitario","article_modified_time":"2021-05-11T10:36:13+00:00","twitter_card":"summary_large_image","twitter_misc":{"Estimated reading time":"8 minutes"},"schema":{"@context":"https:\/\/schema.org","@graph":[{"@type":"WebPage","@id":"https:\/\/isen.es\/cookies\/","url":"https:\/\/isen.es\/cookies\/","name":"Cookies - ISEN Centro Universitario","isPartOf":{"@id":"https:\/\/isen.es\/#website"},"datePublished":"2021-05-11T10:08:10+00:00","dateModified":"2021-05-11T10:36:13+00:00","breadcrumb":{"@id":"https:\/\/isen.es\/cookies\/#breadcrumb"},"inLanguage":"en-GB","potentialAction":[{"@type":"ReadAction","target":["https:\/\/isen.es\/cookies\/"]}]},{"@type":"BreadcrumbList","@id":"https:\/\/isen.es\/cookies\/#breadcrumb","itemListElement":[{"@type":"ListItem","position":1,"name":"Portada","item":"https:\/\/isen.es\/"},{"@type":"ListItem","position":2,"name":"Cookies"}]},{"@type":"WebSite","@id":"https:\/\/isen.es\/#website","url":"https:\/\/isen.es\/","name":"ISEN Centro Universitario","description":"Facultad Adscrita a la Universidad de Murcia","publisher":{"@id":"https:\/\/isen.es\/#organization"},"potentialAction":[{"@type":"SearchAction","target":{"@type":"EntryPoint","urlTemplate":"https:\/\/isen.es\/?s={search_term_string}"},"query-input":{"@type":"PropertyValueSpecification","valueRequired":true,"valueName":"search_term_string"}}],"inLanguage":"en-GB"},{"@type":"Organization","@id":"https:\/\/isen.es\/#organization","name":"ISEN Centro Universitario","url":"https:\/\/isen.es\/","logo":{"@type":"ImageObject","inLanguage":"en-GB","@id":"https:\/\/isen.es\/#\/schema\/logo\/image\/","url":"https:\/\/isen.es\/wp-content\/uploads\/2021\/05\/favicon-isen.png","contentUrl":"https:\/\/isen.es\/wp-content\/uploads\/2021\/05\/favicon-isen.png","width":512,"height":512,"caption":"ISEN Centro Universitario"},"image":{"@id":"https:\/\/isen.es\/#\/schema\/logo\/image\/"}}]}},"_links":{"self":[{"href":"https:\/\/isen.es\/en\/wp-json\/wp\/v2\/pages\/2451","targetHints":{"allow":["GET"]}}],"collection":[{"href":"https:\/\/isen.es\/en\/wp-json\/wp\/v2\/pages"}],"about":[{"href":"https:\/\/isen.es\/en\/wp-json\/wp\/v2\/types\/page"}],"author":[{"embeddable":true,"href":"https:\/\/isen.es\/en\/wp-json\/wp\/v2\/users\/2"}],"replies":[{"embeddable":true,"href":"https:\/\/isen.es\/en\/wp-json\/wp\/v2\/comments?post=2451"}],"version-history":[{"count":3,"href":"https:\/\/isen.es\/en\/wp-json\/wp\/v2\/pages\/2451\/revisions"}],"predecessor-version":[{"id":2454,"href":"https:\/\/isen.es\/en\/wp-json\/wp\/v2\/pages\/2451\/revisions\/2454"}],"wp:attachment":[{"href":"https:\/\/isen.es\/en\/wp-json\/wp\/v2\/media?parent=2451"}],"curies":[{"name":"wp","href":"https:\/\/api.w.org\/{rel}","templated":true}]}}