{"id":317,"date":"2021-03-21T00:50:47","date_gmt":"2021-03-21T00:50:47","guid":{"rendered":"https:\/\/isen.es\/?page_id=317"},"modified":"2021-05-12T10:09:31","modified_gmt":"2021-05-12T10:09:31","slug":"cartagena","status":"publish","type":"page","link":"https:\/\/isen.es\/en\/cartagena\/","title":{"rendered":"Cartagena"},"content":{"rendered":"<div class=\"vc_row wpb_row vc_row-fluid\"><div class=\"contenedor_filtro_azul_of_ac wpb_column vc_column_container vc_col-sm-12 vc_col-has-fill\"><div class=\"vc_column-inner vc_custom_1618239449469\"><div class=\"wpb_wrapper\"><div class=\"vc_row wpb_row vc_inner vc_row-fluid vc_custom_1617969464379\"><div class=\"contenedor_filtro_azul_of_ac_all wpb_column vc_column_container vc_col-sm-12\"><div class=\"vc_column-inner vc_custom_1616267773524\"><div class=\"wpb_wrapper\"><h1 style=\"text-align: left\" class=\"vc_custom_heading txt_centro_h1 vc_custom_1616271968183\" >Cartagena<\/h1>\n\t<div class=\"wpb_text_column wpb_content_element  contenedor_filtro_azul_of_ac_all txt_sub_centro_h1\" >\n\t\t<div class=\"wpb_wrapper\">\n\t\t\t<p>Vivir en Cartagena: Un<br \/>\naut\u00e9ntico privilegio.<\/p>\n\n\t\t<\/div>\n\t<\/div>\n\n\t<div class=\"wpb_text_column wpb_content_element\" >\n\t\t<div class=\"wpb_wrapper\">\n\t\t\t<p><a class=\"btn_prin_centro\" href=\"\/en\/informacion-cartagena\/\">Leer m\u00e1s<\/a><\/p>\n\n\t\t<\/div>\n\t<\/div>\n<\/div><\/div><\/div><\/div><\/div><\/div><\/div><\/div><div id=\"informacion-cartagena\" class=\"vc_row wpb_row vc_row-fluid contenedor_text_v vc_row-o-full-height vc_row-o-columns-bottom vc_row-o-equal-height vc_row-flex\"><div class=\"wpb_column vc_column_container vc_col-sm-12\"><div class=\"vc_column-inner\"><div class=\"wpb_wrapper\"><div class=\"vc_row wpb_row vc_inner vc_row-fluid contenedor_text_v vc_custom_1616272885129 vc_row-has-fill vc_row-o-equal-height vc_row-flex\"><div class=\"wpb_column vc_column_container vc_col-sm-1\"><div class=\"vc_column-inner\"><div class=\"wpb_wrapper\">\n\t<div class=\"wpb_text_column wpb_content_element  vc_custom_1617713249952\" >\n\t\t<div class=\"wpb_wrapper\">\n\t\t\t<p style=\"text-align: center;\"><span class=\"txt_1h_v\">Cartagena<\/span><\/p>\n\n\t\t<\/div>\n\t<\/div>\n<\/div><\/div><\/div><div class=\"wpb_column vc_column_container vc_col-sm-5\"><div class=\"vc_column-inner vc_custom_1616272943571\"><div class=\"wpb_wrapper\">\n\t<div  class=\"wpb_single_image wpb_content_element vc_align_left  vc_custom_1616288338130\">\n\t\t\n\t\t<figure class=\"wpb_wrapper vc_figure\">\n\t\t\t<div class=\"vc_single_image-wrapper   vc_box_border_grey\"><img loading=\"lazy\" decoding=\"async\" width=\"777\" height=\"949\" src=\"https:\/\/isen.es\/wp-content\/uploads\/2021\/03\/Interseccion-27-min.jpg\" class=\"vc_single_image-img attachment-full\" alt=\"\" srcset=\"https:\/\/isen.es\/wp-content\/uploads\/2021\/03\/Interseccion-27-min.jpg 777w, https:\/\/isen.es\/wp-content\/uploads\/2021\/03\/Interseccion-27-min-246x300.jpg 246w, https:\/\/isen.es\/wp-content\/uploads\/2021\/03\/Interseccion-27-min-768x938.jpg 768w\" sizes=\"auto, (max-width: 777px) 100vw, 777px\" \/><\/div>\n\t\t<\/figure>\n\t<\/div>\n<\/div><\/div><\/div><div class=\"wpb_column vc_column_container vc_col-sm-6\"><div class=\"vc_column-inner vc_custom_1616273143588\"><div class=\"wpb_wrapper\"><h2 style=\"text-align: left\" class=\"vc_custom_heading tit_txt_h1 vc_custom_1616288365473\" >Cartagena es una ciudad<br \/>\ny municipio de Espa\u00f1a,<br \/>\nsituado en la costa del<br \/>\nmar Mediterr\u00e1neo.<\/h2>\n\t<div class=\"wpb_text_column wpb_content_element  vc_custom_1620135278008\" >\n\t\t<div class=\"wpb_wrapper\">\n\t\t\t<p class=\"txt_p_h1\">Son muchas las personas que deciden vivir en Cartagena. Su gran oferta de vivienda, ocio y empleo la convierten en una ciudad ideal para vivir en pleno Mediterr\u00e1neo.<\/p>\n<p class=\"txt_p_h1\">Cartagena es la segunda ciudad m\u00e1s poblada de la Regi\u00f3n de Murcia y actual candidata a ser Patrimonio de la Humanidad por la UNESCO.<\/p>\n\n\t\t<\/div>\n\t<\/div>\n<\/div><\/div><\/div><\/div><\/div><\/div><\/div><\/div><div class=\"vc_row wpb_row vc_row-fluid vc_custom_1616603691625\"><div class=\"wpb_column vc_column_container vc_col-sm-12\"><div class=\"vc_column-inner vc_custom_1616603686018\"><div class=\"wpb_wrapper\">\t<link rel='stylesheet' href='https:\/\/cdnjs.cloudflare.com\/ajax\/libs\/OwlCarousel2\/2.3.4\/assets\/owl.carousel.min.css' type='text\/css' media='all' \/>\n\n    <link rel=\"stylesheet\" href=\"https:\/\/cdnjs.cloudflare.com\/ajax\/libs\/OwlCarousel2\/2.3.4\/assets\/owl.theme.default.css\" integrity=\"sha512-OTcub78R3msOCtY3Tc6FzeDJ8N9qvQn1Ph49ou13xgA9VsH9+LRxoFU6EqLhW4+PKRfU+\/HReXmSZXHEkpYoOA==\" crossorigin=\"anonymous\" \/>\n\n    <script src=\"https:\/\/cdnjs.cloudflare.com\/ajax\/libs\/jquery\/3.6.0\/jquery.min.js\" integrity=\"sha512-894YE6QWD5I59HgZOGReFYm4dnWc1Qt5NtvYSaNcOP+u1T9qYdvdihz0PPSiiqn\/+\/3e7Jo4EaG7TubfWGUrMQ==\" crossorigin=\"anonymous\"><\/script>\n\n    <script src=\"https:\/\/cdnjs.cloudflare.com\/ajax\/libs\/OwlCarousel2\/2.3.4\/owl.carousel.js\" integrity=\"sha512-gY25nC63ddE0LcLPhxUJGFxa2GoIyA5FLym4UJqHDEMHjp8RET6Zn\/SHo1sltt3WuVtqfyxECP38\/daUc\/WVEA==\" crossorigin=\"anonymous\"><\/script>\n\n<section id=\"slide-carrusel\">\n    <div class=\"row\">\n      <div class=\"large columns\">\n        <div class=\"owl-carousel owl-theme\">\n          <div class=\"item content-slide\">\n            <div style=\"background-image: url(https:\/\/www.isen.es\/wp-content\/uploads\/2021\/05\/cartagena-playa-1.jpg;)\" class=\"contenedor-img\"><\/div><\/div>\n\t\t\t<div class=\"item content-slide\">\n            <div style=\"background-image: url(https:\/\/www.isen.es\/wp-content\/uploads\/2021\/05\/cartagena-puerto.jpg;)\" class=\"contenedor-img\"><\/div><\/div>\n\t\t\t<div class=\"item content-slide\">\n            <div style=\"background-image: url(https:\/\/www.isen.es\/wp-content\/uploads\/2021\/05\/cartagena-playa-2.jpg;)\" class=\"contenedor-img\"><\/div><\/div>\n\n        <\/div>\n        \n        <script>\n          $(document).ready(function() {\n            $('.owl-carousel').owlCarousel({\n              margin: 10,\n              loop: true,\n              autoWidth: true,\n              items: 1,\n             \n            })\n          })\n\n\n        <\/script>\n      <\/div>\n    <\/div>\n  <\/section>\n\n\t<div class=\"wpb_text_column wpb_content_element  vc_custom_1616603679211\" >\n\t\t<div class=\"wpb_wrapper\">\n\t\t\t\n\n\t\t<\/div>\n\t<\/div>\n<\/div><\/div><\/div><\/div><div data-vc-full-width=\"true\" data-vc-full-width-init=\"false\" class=\"vc_row wpb_row vc_row-fluid vc_row-o-full-height vc_row-o-columns-middle vc_row-o-equal-height vc_row-o-content-middle vc_row-flex\"><div class=\"wpb_column vc_column_container vc_col-sm-1 vc_col-has-fill\"><div class=\"vc_column-inner vc_custom_1616273394609\"><div class=\"wpb_wrapper\">\n\t<div class=\"wpb_text_column wpb_content_element  vc_custom_1616288545443\" >\n\t\t<div class=\"wpb_wrapper\">\n\t\t\t<p><span class=\"txt_1h_v_fp\">\u00bfPor qu\u00e9 vivir en Cartagena?<\/span><\/p>\n\n\t\t<\/div>\n\t<\/div>\n<\/div><\/div><\/div><div class=\"wpb_column vc_column_container vc_col-sm-11\"><div class=\"vc_column-inner vc_custom_1616273784318\"><div class=\"wpb_wrapper\"><div class=\"vc_row wpb_row vc_inner vc_row-fluid\"><div class=\"wpb_column vc_column_container vc_col-sm-6\"><div class=\"vc_column-inner vc_custom_1616273765546\"><div class=\"wpb_wrapper\"><h3 style=\"text-align: left\" class=\"vc_custom_heading txt_centro_h3\" >Historia<\/h3><\/div><\/div><\/div><div class=\"wpb_column vc_column_container vc_col-sm-6\"><div class=\"vc_column-inner vc_custom_1616274397866\"><div class=\"wpb_wrapper\">\n\t<div class=\"wpb_text_column wpb_content_element  vc_custom_1620135534881 txt_p_centro\" >\n\t\t<div class=\"wpb_wrapper\">\n\t\t\t<p>Cartagena es una ciudad con m\u00e1s de 3000 a\u00f1os de historia, ha sido escenario de alguno de los paisajes m\u00e1s incre\u00edbles de la historia. Hoy, \u00e9sta ciudad p\u00fanica, romana, militar y modernista ofrece tantas cosas que ver y que hacer, que no es de extra\u00f1ar que sea uno de los destinos m\u00e1s atrayentes del Mediterr\u00e1neo.<\/p>\n\n\t\t<\/div>\n\t<\/div>\n<\/div><\/div><\/div><\/div><div class=\"vc_row wpb_row vc_inner vc_row-fluid vc_custom_1616274490128\"><div class=\"wpb_column vc_column_container vc_col-sm-6\"><div class=\"vc_column-inner vc_custom_1616273765546\"><div class=\"wpb_wrapper\"><h3 style=\"text-align: left\" class=\"vc_custom_heading txt_centro_h3\" >Cultura<\/h3><\/div><\/div><\/div><div class=\"wpb_column vc_column_container vc_col-sm-6\"><div class=\"vc_column-inner vc_custom_1616274397866\"><div class=\"wpb_wrapper\">\n\t<div class=\"wpb_text_column wpb_content_element  vc_custom_1620135560566 txt_p_centro\" >\n\t\t<div class=\"wpb_wrapper\">\n\t\t\t<p>Vivir en Cartagena es sin\u00f3nimo de arte, historia y cultura. Ubicada junto al mar, propicia todo tipo de actividades acu\u00e1ticas y n\u00e1uticas, disfrutando a la vez de sus playas y de su sol. Su tama\u00f1o y la ubicaci\u00f3n de su centro hist\u00f3rico permite c\u00f3modamente transitar por ella a pie, lo cual favorece a evitar los costes de traslado.<\/p>\n\n\t\t<\/div>\n\t<\/div>\n<\/div><\/div><\/div><\/div><div class=\"vc_row wpb_row vc_inner vc_row-fluid vc_custom_1617970248356\"><div class=\"wpb_column vc_column_container vc_col-sm-6\"><div class=\"vc_column-inner vc_custom_1616273765546\"><div class=\"wpb_wrapper\"><h3 style=\"text-align: left\" class=\"vc_custom_heading txt_centro_h3\" >Temperatura<\/h3><\/div><\/div><\/div><div class=\"wpb_column vc_column_container vc_col-sm-6\"><div class=\"vc_column-inner vc_custom_1616274397866\"><div class=\"wpb_wrapper\">\n\t<div class=\"wpb_text_column wpb_content_element  vc_custom_1620135602619 txt_p_centro\" >\n\t\t<div class=\"wpb_wrapper\">\n\t\t\t<p>Disfruta de 300 d\u00edas de sol al a\u00f1o y una temperatura media anual de 21\u00ba C, lo que fomenta la realizaci\u00f3n de actividades al aire libre.<\/p>\n\n\t\t<\/div>\n\t<\/div>\n<\/div><\/div><\/div><\/div><\/div><\/div><\/div><\/div><div class=\"vc_row-full-width vc_clearfix\"><\/div><div class=\"vc_row wpb_row vc_row-fluid\"><div class=\"wpb_column vc_column_container vc_col-sm-12\"><div class=\"vc_column-inner vc_custom_1616288802671\"><div class=\"wpb_wrapper\">\t<link rel='stylesheet' href='https:\/\/cdnjs.cloudflare.com\/ajax\/libs\/OwlCarousel2\/2.3.4\/assets\/owl.carousel.min.css' type='text\/css' media='all' \/>\n\n    <link rel=\"stylesheet\" href=\"https:\/\/cdnjs.cloudflare.com\/ajax\/libs\/OwlCarousel2\/2.3.4\/assets\/owl.theme.default.css\" integrity=\"sha512-OTcub78R3msOCtY3Tc6FzeDJ8N9qvQn1Ph49ou13xgA9VsH9+LRxoFU6EqLhW4+PKRfU+\/HReXmSZXHEkpYoOA==\" crossorigin=\"anonymous\" \/>\n\n    <script src=\"https:\/\/cdnjs.cloudflare.com\/ajax\/libs\/jquery\/3.6.0\/jquery.min.js\" integrity=\"sha512-894YE6QWD5I59HgZOGReFYm4dnWc1Qt5NtvYSaNcOP+u1T9qYdvdihz0PPSiiqn\/+\/3e7Jo4EaG7TubfWGUrMQ==\" crossorigin=\"anonymous\"><\/script>\n\n    <script src=\"https:\/\/cdnjs.cloudflare.com\/ajax\/libs\/OwlCarousel2\/2.3.4\/owl.carousel.js\" integrity=\"sha512-gY25nC63ddE0LcLPhxUJGFxa2GoIyA5FLym4UJqHDEMHjp8RET6Zn\/SHo1sltt3WuVtqfyxECP38\/daUc\/WVEA==\" crossorigin=\"anonymous\"><\/script>\n\n<section id=\"slide-home-1\">\n    <div class=\"row\">\n      <div class=\"large columns\">\n        <div class=\"owl-carousel owl-theme\">\n\t\t\t\n\t\t<div class=\"item content-slide\">\n            <div style=\"background-image: url(https:\/\/isen.es\/wp-content\/themes\/isen\/img\/imagenes\/imagen1.jpg);\" class=\"contenedor-img\">\n                <h2>Cartagena<\/h2>\n                <p>Get to know more about a city with history, leisure, nature, and culture.\n                <\/p>\n                <a href=\"https:\/\/turismo.cartagena.es\/\">Know more<\/a>\n            <\/div>\n          \n          <\/div>\n\t\t\t\n\t\t   <div class=\"item content-slide\">\n            <div style=\"background-image: url(https:\/\/www.isen.es\/wp-content\/uploads\/2021\/05\/Interseccion-2.jpg);\" class=\"contenedor-img\">\n                <h2>Volunteering<\/h2>\n                <p>Your real impact, your choice.\n                <\/p>\n                <a href=\"https:\/\/isen.es\/en\/voluntariado-en-isen\/\">Know more<\/a>\n            <\/div>\n          \n          <\/div>\n\n          <div class=\"item content-slide\">\n            <div style=\"background-image: url(https:\/\/isen.es\/wp-content\/uploads\/2021\/05\/Interseccion-26-min.jpg);\" class=\"contenedor-img\">\n                <h2>Sustainability<\/h2>\n                <p>\n                    Our building and values are founded on the SDGs 2030.\n                <\/p>\n                <a href=\"https:\/\/isen.es\/en\/sostenibilidad\/\">Know more<\/a>\n            <\/div>\n          <\/div>\n        <\/div>\n        \n        <script>\n          $(document).ready(function() {\n            $('.owl-carousel').owlCarousel({\n              margin: 10,\n              loop: true,\n              autoWidth: true,\n              items: 2,\n             \n            })\n          })\n\n\n        <\/script>\n      <\/div>\n    <\/div>\n  <\/section>\n\n\t<div class=\"wpb_text_column wpb_content_element\" >\n\t\t<div class=\"wpb_wrapper\">\n\t\t\t\n\n\t\t<\/div>\n\t<\/div>\n<\/div><\/div><\/div><\/div>","protected":false},"excerpt":{"rendered":"Cartagena Vivir en Cartagena: Un aut\u00e9ntico privilegio. Leer m\u00e1s Cartagena Cartagena es una ciudad y municipio de Espa\u00f1a, situado en la costa del mar Mediterr\u00e1neo. [...]","protected":false},"author":2,"featured_media":0,"parent":0,"menu_order":0,"comment_status":"closed","ping_status":"closed","template":"","meta":{"_acf_changed":false,"inline_featured_image":false,"footnotes":""},"class_list":["post-317","page","type-page","status-publish","hentry"],"acf":[],"yoast_head":"<!-- This site is optimized with the Yoast SEO plugin v27.3 - https:\/\/yoast.com\/product\/yoast-seo-wordpress\/ -->\n<title>Cartagena - ISEN Centro Universitario<\/title>\n<meta name=\"robots\" content=\"index, follow, max-snippet:-1, max-image-preview:large, max-video-preview:-1\" \/>\n<link rel=\"canonical\" href=\"https:\/\/isen.es\/en\/cartagena\/\" \/>\n<meta property=\"og:locale\" content=\"en_GB\" \/>\n<meta property=\"og:type\" content=\"article\" \/>\n<meta property=\"og:title\" content=\"Cartagena - ISEN Centro Universitario\" \/>\n<meta property=\"og:url\" content=\"https:\/\/isen.es\/en\/cartagena\/\" \/>\n<meta property=\"og:site_name\" content=\"ISEN Centro Universitario\" \/>\n<meta property=\"article:modified_time\" content=\"2021-05-12T10:09:31+00:00\" \/>\n<meta name=\"twitter:card\" content=\"summary_large_image\" \/>\n<meta name=\"twitter:label1\" content=\"Estimated reading time\" \/>\n\t<meta name=\"twitter:data1\" content=\"6 minutes\" \/>\n<script type=\"application\/ld+json\" class=\"yoast-schema-graph\">{\"@context\":\"https:\\\/\\\/schema.org\",\"@graph\":[{\"@type\":\"WebPage\",\"@id\":\"https:\\\/\\\/isen.es\\\/cartagena\\\/\",\"url\":\"https:\\\/\\\/isen.es\\\/cartagena\\\/\",\"name\":\"Cartagena - ISEN Centro Universitario\",\"isPartOf\":{\"@id\":\"https:\\\/\\\/isen.es\\\/#website\"},\"datePublished\":\"2021-03-21T00:50:47+00:00\",\"dateModified\":\"2021-05-12T10:09:31+00:00\",\"breadcrumb\":{\"@id\":\"https:\\\/\\\/isen.es\\\/cartagena\\\/#breadcrumb\"},\"inLanguage\":\"en-GB\",\"potentialAction\":[{\"@type\":\"ReadAction\",\"target\":[\"https:\\\/\\\/isen.es\\\/cartagena\\\/\"]}]},{\"@type\":\"BreadcrumbList\",\"@id\":\"https:\\\/\\\/isen.es\\\/cartagena\\\/#breadcrumb\",\"itemListElement\":[{\"@type\":\"ListItem\",\"position\":1,\"name\":\"Portada\",\"item\":\"https:\\\/\\\/isen.es\\\/\"},{\"@type\":\"ListItem\",\"position\":2,\"name\":\"Cartagena\"}]},{\"@type\":\"WebSite\",\"@id\":\"https:\\\/\\\/isen.es\\\/#website\",\"url\":\"https:\\\/\\\/isen.es\\\/\",\"name\":\"ISEN Centro Universitario\",\"description\":\"Facultad Adscrita a la Universidad de Murcia\",\"publisher\":{\"@id\":\"https:\\\/\\\/isen.es\\\/#organization\"},\"potentialAction\":[{\"@type\":\"SearchAction\",\"target\":{\"@type\":\"EntryPoint\",\"urlTemplate\":\"https:\\\/\\\/isen.es\\\/?s={search_term_string}\"},\"query-input\":{\"@type\":\"PropertyValueSpecification\",\"valueRequired\":true,\"valueName\":\"search_term_string\"}}],\"inLanguage\":\"en-GB\"},{\"@type\":\"Organization\",\"@id\":\"https:\\\/\\\/isen.es\\\/#organization\",\"name\":\"ISEN Centro Universitario\",\"url\":\"https:\\\/\\\/isen.es\\\/\",\"logo\":{\"@type\":\"ImageObject\",\"inLanguage\":\"en-GB\",\"@id\":\"https:\\\/\\\/isen.es\\\/#\\\/schema\\\/logo\\\/image\\\/\",\"url\":\"https:\\\/\\\/isen.es\\\/wp-content\\\/uploads\\\/2021\\\/05\\\/favicon-isen.png\",\"contentUrl\":\"https:\\\/\\\/isen.es\\\/wp-content\\\/uploads\\\/2021\\\/05\\\/favicon-isen.png\",\"width\":512,\"height\":512,\"caption\":\"ISEN Centro Universitario\"},\"image\":{\"@id\":\"https:\\\/\\\/isen.es\\\/#\\\/schema\\\/logo\\\/image\\\/\"}}]}<\/script>\n<!-- \/ Yoast SEO plugin. -->","yoast_head_json":{"title":"Cartagena - ISEN Centro Universitario","robots":{"index":"index","follow":"follow","max-snippet":"max-snippet:-1","max-image-preview":"max-image-preview:large","max-video-preview":"max-video-preview:-1"},"canonical":"https:\/\/isen.es\/en\/cartagena\/","og_locale":"en_GB","og_type":"article","og_title":"Cartagena - ISEN Centro Universitario","og_url":"https:\/\/isen.es\/en\/cartagena\/","og_site_name":"ISEN Centro Universitario","article_modified_time":"2021-05-12T10:09:31+00:00","twitter_card":"summary_large_image","twitter_misc":{"Estimated reading time":"6 minutes"},"schema":{"@context":"https:\/\/schema.org","@graph":[{"@type":"WebPage","@id":"https:\/\/isen.es\/cartagena\/","url":"https:\/\/isen.es\/cartagena\/","name":"Cartagena - ISEN Centro Universitario","isPartOf":{"@id":"https:\/\/isen.es\/#website"},"datePublished":"2021-03-21T00:50:47+00:00","dateModified":"2021-05-12T10:09:31+00:00","breadcrumb":{"@id":"https:\/\/isen.es\/cartagena\/#breadcrumb"},"inLanguage":"en-GB","potentialAction":[{"@type":"ReadAction","target":["https:\/\/isen.es\/cartagena\/"]}]},{"@type":"BreadcrumbList","@id":"https:\/\/isen.es\/cartagena\/#breadcrumb","itemListElement":[{"@type":"ListItem","position":1,"name":"Portada","item":"https:\/\/isen.es\/"},{"@type":"ListItem","position":2,"name":"Cartagena"}]},{"@type":"WebSite","@id":"https:\/\/isen.es\/#website","url":"https:\/\/isen.es\/","name":"ISEN Centro Universitario","description":"Facultad Adscrita a la Universidad de Murcia","publisher":{"@id":"https:\/\/isen.es\/#organization"},"potentialAction":[{"@type":"SearchAction","target":{"@type":"EntryPoint","urlTemplate":"https:\/\/isen.es\/?s={search_term_string}"},"query-input":{"@type":"PropertyValueSpecification","valueRequired":true,"valueName":"search_term_string"}}],"inLanguage":"en-GB"},{"@type":"Organization","@id":"https:\/\/isen.es\/#organization","name":"ISEN Centro Universitario","url":"https:\/\/isen.es\/","logo":{"@type":"ImageObject","inLanguage":"en-GB","@id":"https:\/\/isen.es\/#\/schema\/logo\/image\/","url":"https:\/\/isen.es\/wp-content\/uploads\/2021\/05\/favicon-isen.png","contentUrl":"https:\/\/isen.es\/wp-content\/uploads\/2021\/05\/favicon-isen.png","width":512,"height":512,"caption":"ISEN Centro Universitario"},"image":{"@id":"https:\/\/isen.es\/#\/schema\/logo\/image\/"}}]}},"_links":{"self":[{"href":"https:\/\/isen.es\/en\/wp-json\/wp\/v2\/pages\/317","targetHints":{"allow":["GET"]}}],"collection":[{"href":"https:\/\/isen.es\/en\/wp-json\/wp\/v2\/pages"}],"about":[{"href":"https:\/\/isen.es\/en\/wp-json\/wp\/v2\/types\/page"}],"author":[{"embeddable":true,"href":"https:\/\/isen.es\/en\/wp-json\/wp\/v2\/users\/2"}],"replies":[{"embeddable":true,"href":"https:\/\/isen.es\/en\/wp-json\/wp\/v2\/comments?post=317"}],"version-history":[{"count":34,"href":"https:\/\/isen.es\/en\/wp-json\/wp\/v2\/pages\/317\/revisions"}],"predecessor-version":[{"id":1953,"href":"https:\/\/isen.es\/en\/wp-json\/wp\/v2\/pages\/317\/revisions\/1953"}],"wp:attachment":[{"href":"https:\/\/isen.es\/en\/wp-json\/wp\/v2\/media?parent=317"}],"curies":[{"name":"wp","href":"https:\/\/api.w.org\/{rel}","templated":true}]}}