{"id":3231,"date":"2021-07-16T19:26:16","date_gmt":"2021-07-16T17:26:16","guid":{"rendered":"https:\/\/isen.es\/?page_id=3231"},"modified":"2021-09-05T22:30:20","modified_gmt":"2021-09-05T20:30:20","slug":"isen-preparacion-oposiciones","status":"publish","type":"page","link":"https:\/\/isen.es\/en\/isen-preparacion-oposiciones\/","title":{"rendered":"ISEN PREPARACI\u00d3N OPOSICIONES"},"content":{"rendered":"<div class=\"vc_row wpb_row vc_row-fluid cont_img_AAA_init_cs vc_custom_1626457010409 vc_row-has-fill\"><div class=\"wpb_column vc_column_container vc_col-sm-12\"><div class=\"vc_column-inner vc_custom_1624967763884\"><div class=\"wpb_wrapper\"><h1 style=\"text-align: left\" class=\"vc_custom_heading\" >ISEN PREPARACI\u00d3N OPOSICIONES<\/h1><h2 style=\"text-align: left\" class=\"vc_custom_heading\" >Cuerpo de Maestros<\/h2><div style=\"text-align: center\" class=\"vc_custom_heading btn_post_\" ><a href=\"#Informacion\">M\u00e1s informaci\u00f3n<\/a><\/div><\/div><\/div><\/div><\/div><div id=\"contenedor_tab_custom_page\" class=\"vc_row wpb_row vc_row-fluid conten_estudi vc_row-o-full-height vc_row-o-columns-top vc_row-o-equal-height vc_row-o-content-top vc_row-flex\"><div class=\"wpb_column vc_column_container vc_col-sm-1 vc_col-has-fill\"><div class=\"vc_column-inner vc_custom_1617183763344\"><div class=\"wpb_wrapper\"><div style=\"text-align: center\" class=\"vc_custom_heading txt_1h_v_fp vc_custom_1617183745232\" >ISEN PREPARACI\u00d3N OPOSICIONES<\/div><\/div><\/div><\/div><div class=\"wpb_column vc_column_container vc_col-sm-11\"><div class=\"vc_column-inner vc_custom_1617182941308\"><div class=\"wpb_wrapper\"><div class=\"vc_tta-container\" data-vc-action=\"collapse\" id=\"acorde_fx\"><div class=\"vc_general vc_tta vc_tta-tabs vc_tta-color-grey vc_tta-style-classic vc_tta-shape-rounded vc_tta-spacing-1 vc_tta-tabs-position-top vc_tta-controls-align-left vc_custom_1625048835359\"><div class=\"vc_tta-tabs-container\"><ul class=\"vc_tta-tabs-list\"><li class=\"vc_tta-tab\" data-vc-tab><a href=\"#Informacion\" data-vc-tabs data-vc-container=\".vc_tta\"><span class=\"vc_tta-title-text\">Informaci\u00f3n General<\/span><\/a><\/li><li class=\"vc_tta-tab\" data-vc-tab><a href=\"#1624968915175-b82b16c6-6fcd\" data-vc-tabs data-vc-container=\".vc_tta\"><span class=\"vc_tta-title-text\">Alumni<\/span><\/a><\/li><li class=\"vc_tta-tab\" data-vc-tab><a href=\"#registrate\" data-vc-tabs data-vc-container=\".vc_tta\"><span class=\"vc_tta-title-text\">Reg\u00edstrate <\/span><\/a><\/li><\/ul><\/div><div class=\"vc_tta-panels-container\"><div class=\"vc_tta-panels\"><div class=\"vc_tta-panel contenedor_tab_custom_page_all\" id=\"Informacion\" data-vc-content=\".vc_tta-panel-body\"><div class=\"vc_tta-panel-heading\"><h4 class=\"vc_tta-panel-title\"><a href=\"#Informacion\" data-vc-accordion data-vc-container=\".vc_tta-container\"><span class=\"vc_tta-title-text\">Informaci\u00f3n General<\/span><\/a><\/h4><\/div><div class=\"vc_tta-panel-body\"><div class=\"vc_row wpb_row vc_inner vc_row-fluid\"><div class=\"wpb_column vc_column_container vc_col-sm-12\"><div class=\"vc_column-inner\"><div class=\"wpb_wrapper\"><h2 style=\"text-align: left\" class=\"vc_custom_heading\" >Informaci\u00f3n General<\/h2><\/div><\/div><\/div><\/div><div class=\"vc_row wpb_row vc_inner vc_row-fluid\"><div class=\"wpb_column vc_column_container vc_col-sm-12\"><div class=\"vc_column-inner\"><div class=\"wpb_wrapper\">\n\t<div class=\"wpb_text_column wpb_content_element  txt_black_it\" >\n\t\t<div class=\"wpb_wrapper\">\n\t\t\t<p style=\"font-weight: 400;\">Somos conscientes que la empleabilidad es un factor muy importante, por lo que\u00a0<strong>las oposiciones<\/strong>\u00a0son una de las principales salidas al mundo laboral de los maestros formados en ISEN.<\/p>\n<p style=\"font-weight: 400;\">Todas las administraciones auton\u00f3micas las ofrecen, sacando a concurso plazas en los colegios con una titularidad p\u00fablica. Cada una de ellas requieren una preparaci\u00f3n intensa y espec\u00edfica debido a ser un proceso selectivo.<\/p>\n\n\t\t<\/div>\n\t<\/div>\n\n\t<div class=\"wpb_text_column wpb_content_element  txt_black_it\" >\n\t\t<div class=\"wpb_wrapper\">\n\t\t\t<p>Nosotros contamos con un servicio de preparaci\u00f3n a las oposiciones al cuerpo de maestros, un servicio abierto a aquellos y aquellas que cumplan los siguientes requisitos:<\/p>\n<ol>\n<li>a) Ser de nacionalidad espa\u00f1ola o nacional de alguno de los dem\u00e1s Estados miembros de la Uni\u00f3n Europea en los t\u00e9rminos especificados por la Directiva 2004\/38\/CE del Parlamento Europeo<\/li>\n<li>b) Tener cumplidos dieciocho a\u00f1os y no haber alcanzado la edad establecida, con car\u00e1cter general, para la jubilaci\u00f3n.<\/li>\n<li>c) No padecer enfermedad ni estar afectado por limitaci\u00f3n f\u00edsica o ps\u00edquica incompatible con el desempe\u00f1o de las funciones correspondientes.<\/li>\n<li>d) No haber sido separado, mediante expediente disciplinario, del servicio de cualquiera de las Administraciones p\u00fablicas, ni hallarse inhabilitado para el ejercicio de funciones p\u00fablicas.<\/li>\n<li>e) No ser funcionario de carrera del mismo cuerpo al que se refiera la convocatoria.<\/li>\n<li>f) Acreditar, en su caso, el conocimiento de la lengua cooficial de la Comunidad Aut\u00f3noma convocante, de acuerdo con su normativa.<\/li>\n<li>d) Requisito espec\u00edfico de titulaci\u00f3n. Estar en posesi\u00f3n del t\u00edtulo de Maestro\/a o el t\u00edtulo de Grado correspondiente (por ejemplo, Maestro\/a, Diplomado\/a en Profesorado de EGB, Maestro\/a de Ense\u00f1anza Primaria)<\/li>\n<\/ol>\n\n\t\t<\/div>\n\t<\/div>\n<\/div><\/div><\/div><\/div><\/div><\/div><div class=\"vc_tta-panel contenedor_tab_custom_page_all\" id=\"1624968915175-b82b16c6-6fcd\" data-vc-content=\".vc_tta-panel-body\"><div class=\"vc_tta-panel-heading\"><h4 class=\"vc_tta-panel-title\"><a href=\"#1624968915175-b82b16c6-6fcd\" data-vc-accordion data-vc-container=\".vc_tta-container\"><span class=\"vc_tta-title-text\">Alumni<\/span><\/a><\/h4><\/div><div class=\"vc_tta-panel-body\"><h2 style=\"text-align: left\" class=\"vc_custom_heading\" >ISEN ALUMNI<\/h2><div class=\"vc_row wpb_row vc_inner vc_row-fluid vc_custom_1619606157527\"><div class=\"wpb_column vc_column_container vc_col-sm-12\"><div class=\"vc_column-inner\"><div class=\"wpb_wrapper\">\n\t<div class=\"wpb_text_column wpb_content_element\" >\n\t\t<div class=\"wpb_wrapper\">\n\t\t\t<p>Si eres un antiguo alumno, aseg\u00farate de estar registrado en la Asociaci\u00f3n ISEN de Antiguos Alumnos (Alumni), ya no solo por el hecho de tener una cuota especial ISEN ALUMNI preparaci\u00f3n oposiciones, tambi\u00e9n puedes ser parte de la comunidad ISEN.\u00a0\u00a0 Aqu\u00ed ten\u00e9is el enlace con acceso al para el\u00a0<span style=\"color: #00305b;\"><a style=\"color: #00305b; text-decoration: underline;\" href=\"https:\/\/isen.es\/en\/isen-alumni\/\" target=\"_blank\" rel=\"noopener\" data-saferedirecturl=\"https:\/\/www.google.com\/url?q=https:\/\/isen.es\/isen-alumni\/&amp;source=gmail&amp;ust=1626539673528000&amp;usg=AFQjCNGOBbhRO4GPinaPIejMoKSDz1VWrg\">registro en ISEN ALUMNI.<\/a><\/span><\/p>\n\n\t\t<\/div>\n\t<\/div>\n<\/div><\/div><\/div><\/div><\/div><\/div><div class=\"vc_tta-panel contenedor_tab_custom_page_all\" id=\"registrate\" data-vc-content=\".vc_tta-panel-body\"><div class=\"vc_tta-panel-heading\"><h4 class=\"vc_tta-panel-title\"><a href=\"#registrate\" data-vc-accordion data-vc-container=\".vc_tta-container\"><span class=\"vc_tta-title-text\">Reg\u00edstrate <\/span><\/a><\/h4><\/div><div class=\"vc_tta-panel-body\"><div class=\"vc_row wpb_row vc_inner vc_row-fluid\"><div class=\"wpb_column vc_column_container vc_col-sm-12\"><div class=\"vc_column-inner vc_custom_1618310647236\"><div class=\"wpb_wrapper\"><h2 style=\"text-align: left\" class=\"vc_custom_heading\" >Registro<\/h2>\n<div class=\"wpcf7 no-js\" id=\"wpcf7-f3238-o1\" lang=\"es-ES\" dir=\"ltr\" data-wpcf7-id=\"3238\">\n<div class=\"screen-reader-response\"><p role=\"status\" aria-live=\"polite\" aria-atomic=\"true\"><\/p> <ul><\/ul><\/div>\n<form action=\"\/en\/wp-json\/wp\/v2\/pages\/3231#wpcf7-f3238-o1\" method=\"post\" class=\"wpcf7-form init\" aria-label=\"Formulario de contacto\" novalidate=\"novalidate\" data-status=\"init\" data-trp-original-action=\"\/en\/wp-json\/wp\/v2\/pages\/3231#wpcf7-f3238-o1\">\n<fieldset class=\"hidden-fields-container\"><input type=\"hidden\" name=\"_wpcf7\" value=\"3238\" \/><input type=\"hidden\" name=\"_wpcf7_version\" value=\"6.1.5\" \/><input type=\"hidden\" name=\"_wpcf7_locale\" value=\"es_ES\" \/><input type=\"hidden\" name=\"_wpcf7_unit_tag\" value=\"wpcf7-f3238-o1\" \/><input type=\"hidden\" name=\"_wpcf7_container_post\" value=\"0\" \/><input type=\"hidden\" name=\"_wpcf7_posted_data_hash\" value=\"\" \/><input type=\"hidden\" name=\"_wpcf7_recaptcha_response\" value=\"\" \/>\n<\/fieldset>\n<p><label><br \/>\n<span class=\"wpcf7-form-control-wrap\" data-name=\"your-name\"><input size=\"40\" maxlength=\"400\" class=\"wpcf7-form-control wpcf7-text wpcf7-validates-as-required\" aria-required=\"true\" aria-invalid=\"false\" placeholder=\"Name\" value=\"\" type=\"text\" name=\"your-name\" \/><\/span> <\/label>\n<\/p>\n<p><label><br \/>\n<span class=\"wpcf7-form-control-wrap\" data-name=\"your-apellidos\"><input size=\"40\" maxlength=\"400\" class=\"wpcf7-form-control wpcf7-text wpcf7-validates-as-required\" aria-required=\"true\" aria-invalid=\"false\" placeholder=\"Surname\" value=\"\" type=\"text\" name=\"your-apellidos\" \/><\/span> <\/label>\n<\/p>\n<p><label><br \/>\n<span class=\"wpcf7-form-control-wrap\" data-name=\"tel-760\"><input size=\"40\" maxlength=\"400\" class=\"wpcf7-form-control wpcf7-tel wpcf7-validates-as-required wpcf7-text wpcf7-validates-as-tel\" aria-required=\"true\" aria-invalid=\"false\" placeholder=\"Telephone\" value=\"\" type=\"tel\" name=\"tel-760\" \/><\/span> <\/label>\n<\/p>\n<p><label><br \/>\n<span class=\"wpcf7-form-control-wrap\" data-name=\"your-email\"><input size=\"40\" maxlength=\"400\" class=\"wpcf7-form-control wpcf7-email wpcf7-validates-as-required wpcf7-text wpcf7-validates-as-email\" aria-required=\"true\" aria-invalid=\"false\" placeholder=\"Email\" value=\"\" type=\"email\" name=\"your-email\" \/><\/span><\/label>\n<\/p>\n<p><label><br \/>\n<span class=\"wpcf7-form-control-wrap\" data-name=\"Test\"><select class=\"wpcf7-form-control wpcf7-select\" aria-invalid=\"false\" name=\"Test\"><option value=\"\">Especialidad<\/option><option value=\"Educaci\u00f3n Infantil\">Preschool Education<\/option><option value=\"Educaci\u00f3n Primaria\">Primary Education<\/option><option value=\"Educaci\u00f3n F\u00edsica\">Educaci\u00f3n F\u00edsica<\/option><option value=\"Ingl\u00e9s\">Ingl\u00e9s<\/option><\/select><\/span><\/label>\n<\/p>\n<p><label class=\"cont_politi\"><br \/>\n<span class=\"wpcf7-form-control-wrap\" data-name=\"checkbox-696\"><span class=\"wpcf7-form-control wpcf7-checkbox wpcf7-validates-as-required\"><span class=\"wpcf7-list-item first last\"><label><input type=\"checkbox\" name=\"checkbox-696[]\" value=\"\" \/><span class=\"wpcf7-list-item-label\"><\/span><\/label><\/span><\/span><\/span><span>You consent, by checking the following check box, for your data to be used according to the purposes described in the <a href=\"https:\/\/isen.es\/en\/politica-de-privacidad-de-isen-centro-universitario\/\">Privacy Policy<\/a> and our <a href=\"https:\/\/isen.es\/en\/aviso-legal\/\">Legal Disclaimer.<\/a>.<\/span><\/label><br \/>\n<label class=\"cont_politi\"><br \/>\n<span class=\"wpcf7-form-control-wrap\" data-name=\"checkbox-697\"><span class=\"wpcf7-form-control wpcf7-checkbox wpcf7-validates-as-required\"><span class=\"wpcf7-list-item first last\"><label><input type=\"checkbox\" name=\"checkbox-697[]\" value=\"\" \/><span class=\"wpcf7-list-item-label\"><\/span><\/label><\/span><\/span><\/span><span>Consent, by checking the following check box, to receive communications regarding program and teaching activities and complementary related to our center via phone, postal mail, fax, email, or other electronic ways.<\/span><\/label><br \/>\n<label><br \/>\n<\/label><label><br \/>\n\t<span class=\"wpcf7-form-control-wrap recaptcha\" data-name=\"recaptcha\"><span data-sitekey=\"6Lc0BvUaAAAAAHl3ENWuW_zyS2FNaZzFJzHboLCf\" class=\"wpcf7-form-control wpcf7-recaptcha g-recaptcha\"><\/span>\r\n<noscript>\r\n\t<div class=\"grecaptcha-noscript\">\r\n\t\t<iframe loading=\"lazy\" src=\"https:\/\/www.google.com\/recaptcha\/api\/fallback?k=6Lc0BvUaAAAAAHl3ENWuW_zyS2FNaZzFJzHboLCf\" frameborder=\"0\" scrolling=\"no\" width=\"310\" height=\"430\">\r\n\t\t<\/iframe>\r\n\t\t<textarea name=\"g-recaptcha-response\" rows=\"3\" cols=\"40\" placeholder=\"Aqu\u00ed la respuesta de reCAPTCHA\">\r\n\t\t<\/textarea>\r\n\t<\/div>\r\n<\/noscript>\r\n<\/span><\/label>\n<\/p>\n<p><input class=\"wpcf7-form-control wpcf7-submit has-spinner\" type=\"submit\" value=\"Send\" \/>\n<\/p><div class=\"wpcf7-response-output\" aria-hidden=\"true\"><\/div>\n<input type=\"hidden\" name=\"trp-form-language\" value=\"en\"\/><\/form>\n<\/div>\n<\/div><\/div><\/div><\/div><\/div><\/div><\/div><\/div><\/div><\/div><section class=\"vc_cta3-container\"><div class=\"vc_general vc_cta3 vc_cta3-style-classic vc_cta3-shape-rounded vc_cta3-align-left vc_cta3-color-classic vc_cta3-icon-size-md\"><div class=\"vc_cta3_content-container\"><div class=\"vc_cta3-content\"><header class=\"vc_cta3-content-header\"><h2>ISEN PREPARACI\u00d3N OPOSICIONES CHARLA INFORMATIVA <\/h2><h4>LUNES 6 DE SEPTIEMBRE A LAS 17 H. <\/h4><\/header><p><img loading=\"lazy\" decoding=\"async\" class=\"alignnone size-medium wp-image-3296\" src=\"https:\/\/isen.es\/wp-content\/uploads\/2021\/09\/isen-oposiciones--300x300.jpg\" alt=\"isen preparacion de oposiciones cuerpo de meastros\" width=\"300\" height=\"300\" srcset=\"https:\/\/isen.es\/wp-content\/uploads\/2021\/09\/isen-oposiciones--300x300.jpg 300w, https:\/\/isen.es\/wp-content\/uploads\/2021\/09\/isen-oposiciones--1024x1024.jpg 1024w, https:\/\/isen.es\/wp-content\/uploads\/2021\/09\/isen-oposiciones--150x150.jpg 150w, https:\/\/isen.es\/wp-content\/uploads\/2021\/09\/isen-oposiciones--768x768.jpg 768w, https:\/\/isen.es\/wp-content\/uploads\/2021\/09\/isen-oposiciones-.jpg 1080w\" sizes=\"auto, (max-width: 300px) 100vw, 300px\" \/><\/p>\n<p><!--more--><\/p>\n<\/div><\/div><\/div><\/section><div class=\"vc_btn3-container vc_btn3-inline\" ><a class=\"vc_general vc_btn3 vc_btn3-size-lg vc_btn3-shape-round vc_btn3-style-modern vc_btn3-color-purple\" href=\"https:\/\/us02web.zoom.us\/meeting\/register\/tZ0scu-gqjMiGtRfN8b4E757oj6xLTn2smJV\" title=\"REGISTRO CHARLA INFROMATIVA ISEN OPOSICIONES\">Registro CHARLA INFORMATIVA (zoom)<\/a><\/div><\/div><\/div><\/div><\/div><div class=\"vc_row wpb_row vc_row-fluid\"><div class=\"wpb_column vc_column_container vc_col-sm-12\"><div class=\"vc_column-inner\"><div class=\"wpb_wrapper\">\n\t<div class=\"wpb_raw_code wpb_raw_js\" >\n\t\t<div class=\"wpb_wrapper\">\n\t\t\t<script>\n$( document ).ready(function() {\n\n\n\tfunction responsive(x) {\n\t\t\n        if (x.matches){\n\n   $('.vc_tta-tab:first-child ').addClass('vc_active');\n   $('.contenedor_tab_custom_page_all:first-child ').addClass('vc_active');\n\n\t}\n\t}\n\tlet x = window.matchMedia(\"(min-width:1024px)\");\n        responsive(x);\n        x.addListener(responsive);\n});\n\n\n<\/script>\n\t\t<\/div>\n\t<\/div>\n<\/div><\/div><\/div><\/div>","protected":false},"excerpt":{"rendered":"ISEN PREPARACI\u00d3N OPOSICIONESCuerpo de MaestrosM\u00e1s informaci\u00f3nISEN PREPARACI\u00d3N OPOSICIONESInformaci\u00f3n GeneralAlumniReg\u00edstrate Informaci\u00f3n GeneralInformaci\u00f3n General Somos conscientes que la empleabilidad es un factor muy importante, por lo que\u00a0las [...]","protected":false},"author":2,"featured_media":3249,"parent":0,"menu_order":0,"comment_status":"closed","ping_status":"closed","template":"","meta":{"_acf_changed":false,"inline_featured_image":false,"footnotes":""},"class_list":["post-3231","page","type-page","status-publish","has-post-thumbnail","hentry"],"acf":[],"yoast_head":"<!-- This site is optimized with the Yoast SEO plugin v27.4 - https:\/\/yoast.com\/product\/yoast-seo-wordpress\/ -->\n<title>ISEN PREPARACI\u00d3N OPOSICIONES - ISEN Centro Universitario<\/title>\n<meta name=\"description\" content=\"Cuerpo de Maestros, prep\u00e1rate con los expertos, modalidad presencial y online, materiales y recursos propios en un ambiente universitario.\" \/>\n<meta name=\"robots\" content=\"index, follow, max-snippet:-1, max-image-preview:large, max-video-preview:-1\" \/>\n<link rel=\"canonical\" href=\"https:\/\/isen.es\/en\/isen-preparacion-oposiciones\/\" \/>\n<meta property=\"og:locale\" content=\"en_GB\" \/>\n<meta property=\"og:type\" content=\"article\" \/>\n<meta property=\"og:title\" content=\"PANORAMA GEOESTRAT\u00c9GICO DE LA SEGURIDAD EN LOS ALBORES DE LA TERCERA D\u00c9CADA DEL SIGLO XXI\" \/>\n<meta property=\"og:description\" content=\"Cuerpo de Maestros, prep\u00e1rate con los expertos, modalidad presencial y online, materiales y recursos propios en un ambiente universitario.\" \/>\n<meta property=\"og:url\" content=\"https:\/\/isen.es\/en\/isen-preparacion-oposiciones\/\" \/>\n<meta property=\"og:site_name\" content=\"ISEN Centro Universitario\" \/>\n<meta property=\"article:modified_time\" content=\"2021-09-05T20:30:20+00:00\" \/>\n<meta property=\"og:image\" content=\"https:\/\/isen.es\/wp-content\/uploads\/2021\/07\/BANNER-oposiciones-min.png\" \/>\n\t<meta property=\"og:image:width\" content=\"2240\" \/>\n\t<meta property=\"og:image:height\" content=\"1260\" \/>\n\t<meta property=\"og:image:type\" content=\"image\/png\" \/>\n<meta name=\"twitter:card\" content=\"summary_large_image\" \/>\n<meta name=\"twitter:title\" content=\"PANORAMA GEOESTRAT\u00c9GICO DE LA SEGURIDAD EN LOS ALBORES DE LA TERCERA D\u00c9CADA DEL SIGLO XXI\" \/>\n<meta name=\"twitter:image\" content=\"https:\/\/isen.es\/wp-content\/uploads\/2021\/07\/BANNER-oposiciones-min.png\" \/>\n<meta name=\"twitter:label1\" content=\"Estimated reading time\" \/>\n\t<meta name=\"twitter:data1\" content=\"3 minutes\" \/>\n<script type=\"application\/ld+json\" class=\"yoast-schema-graph\">{\"@context\":\"https:\\\/\\\/schema.org\",\"@graph\":[{\"@type\":\"WebPage\",\"@id\":\"https:\\\/\\\/isen.es\\\/isen-preparacion-oposiciones\\\/\",\"url\":\"https:\\\/\\\/isen.es\\\/isen-preparacion-oposiciones\\\/\",\"name\":\"ISEN PREPARACI\u00d3N OPOSICIONES - ISEN Centro Universitario\",\"isPartOf\":{\"@id\":\"https:\\\/\\\/isen.es\\\/#website\"},\"primaryImageOfPage\":{\"@id\":\"https:\\\/\\\/isen.es\\\/isen-preparacion-oposiciones\\\/#primaryimage\"},\"image\":{\"@id\":\"https:\\\/\\\/isen.es\\\/isen-preparacion-oposiciones\\\/#primaryimage\"},\"thumbnailUrl\":\"https:\\\/\\\/isen.es\\\/wp-content\\\/uploads\\\/2021\\\/07\\\/BANNER-oposiciones-min.png\",\"datePublished\":\"2021-07-16T17:26:16+00:00\",\"dateModified\":\"2021-09-05T20:30:20+00:00\",\"description\":\"Cuerpo de Maestros, prep\u00e1rate con los expertos, modalidad presencial y online, materiales y recursos propios en un ambiente universitario.\",\"breadcrumb\":{\"@id\":\"https:\\\/\\\/isen.es\\\/isen-preparacion-oposiciones\\\/#breadcrumb\"},\"inLanguage\":\"en-GB\",\"potentialAction\":[{\"@type\":\"ReadAction\",\"target\":[\"https:\\\/\\\/isen.es\\\/isen-preparacion-oposiciones\\\/\"]}]},{\"@type\":\"ImageObject\",\"inLanguage\":\"en-GB\",\"@id\":\"https:\\\/\\\/isen.es\\\/isen-preparacion-oposiciones\\\/#primaryimage\",\"url\":\"https:\\\/\\\/isen.es\\\/wp-content\\\/uploads\\\/2021\\\/07\\\/BANNER-oposiciones-min.png\",\"contentUrl\":\"https:\\\/\\\/isen.es\\\/wp-content\\\/uploads\\\/2021\\\/07\\\/BANNER-oposiciones-min.png\",\"width\":2240,\"height\":1260},{\"@type\":\"BreadcrumbList\",\"@id\":\"https:\\\/\\\/isen.es\\\/isen-preparacion-oposiciones\\\/#breadcrumb\",\"itemListElement\":[{\"@type\":\"ListItem\",\"position\":1,\"name\":\"Portada\",\"item\":\"https:\\\/\\\/isen.es\\\/\"},{\"@type\":\"ListItem\",\"position\":2,\"name\":\"ISEN PREPARACI\u00d3N OPOSICIONES\"}]},{\"@type\":\"WebSite\",\"@id\":\"https:\\\/\\\/isen.es\\\/#website\",\"url\":\"https:\\\/\\\/isen.es\\\/\",\"name\":\"ISEN Centro Universitario\",\"description\":\"Facultad Adscrita a la Universidad de Murcia\",\"publisher\":{\"@id\":\"https:\\\/\\\/isen.es\\\/#organization\"},\"potentialAction\":[{\"@type\":\"SearchAction\",\"target\":{\"@type\":\"EntryPoint\",\"urlTemplate\":\"https:\\\/\\\/isen.es\\\/?s={search_term_string}\"},\"query-input\":{\"@type\":\"PropertyValueSpecification\",\"valueRequired\":true,\"valueName\":\"search_term_string\"}}],\"inLanguage\":\"en-GB\"},{\"@type\":\"Organization\",\"@id\":\"https:\\\/\\\/isen.es\\\/#organization\",\"name\":\"ISEN Centro Universitario\",\"url\":\"https:\\\/\\\/isen.es\\\/\",\"logo\":{\"@type\":\"ImageObject\",\"inLanguage\":\"en-GB\",\"@id\":\"https:\\\/\\\/isen.es\\\/#\\\/schema\\\/logo\\\/image\\\/\",\"url\":\"https:\\\/\\\/isen.es\\\/wp-content\\\/uploads\\\/2021\\\/05\\\/favicon-isen.png\",\"contentUrl\":\"https:\\\/\\\/isen.es\\\/wp-content\\\/uploads\\\/2021\\\/05\\\/favicon-isen.png\",\"width\":512,\"height\":512,\"caption\":\"ISEN Centro Universitario\"},\"image\":{\"@id\":\"https:\\\/\\\/isen.es\\\/#\\\/schema\\\/logo\\\/image\\\/\"}}]}<\/script>\n<!-- \/ Yoast SEO plugin. -->","yoast_head_json":{"title":"ISEN PREPARACI\u00d3N OPOSICIONES - ISEN Centro Universitario","description":"Cuerpo de Maestros, prep\u00e1rate con los expertos, modalidad presencial y online, materiales y recursos propios en un ambiente universitario.","robots":{"index":"index","follow":"follow","max-snippet":"max-snippet:-1","max-image-preview":"max-image-preview:large","max-video-preview":"max-video-preview:-1"},"canonical":"https:\/\/isen.es\/en\/isen-preparacion-oposiciones\/","og_locale":"en_GB","og_type":"article","og_title":"PANORAMA GEOESTRAT\u00c9GICO DE LA SEGURIDAD EN LOS ALBORES DE LA TERCERA D\u00c9CADA DEL SIGLO XXI","og_description":"Cuerpo de Maestros, prep\u00e1rate con los expertos, modalidad presencial y online, materiales y recursos propios en un ambiente universitario.","og_url":"https:\/\/isen.es\/en\/isen-preparacion-oposiciones\/","og_site_name":"ISEN Centro Universitario","article_modified_time":"2021-09-05T20:30:20+00:00","og_image":[{"width":2240,"height":1260,"url":"https:\/\/isen.es\/wp-content\/uploads\/2021\/07\/BANNER-oposiciones-min.png","type":"image\/png"}],"twitter_card":"summary_large_image","twitter_title":"PANORAMA GEOESTRAT\u00c9GICO DE LA SEGURIDAD EN LOS ALBORES DE LA TERCERA D\u00c9CADA DEL SIGLO XXI","twitter_image":"https:\/\/isen.es\/wp-content\/uploads\/2021\/07\/BANNER-oposiciones-min.png","twitter_misc":{"Estimated reading time":"3 minutes"},"schema":{"@context":"https:\/\/schema.org","@graph":[{"@type":"WebPage","@id":"https:\/\/isen.es\/isen-preparacion-oposiciones\/","url":"https:\/\/isen.es\/isen-preparacion-oposiciones\/","name":"ISEN PREPARACI\u00d3N OPOSICIONES - ISEN Centro Universitario","isPartOf":{"@id":"https:\/\/isen.es\/#website"},"primaryImageOfPage":{"@id":"https:\/\/isen.es\/isen-preparacion-oposiciones\/#primaryimage"},"image":{"@id":"https:\/\/isen.es\/isen-preparacion-oposiciones\/#primaryimage"},"thumbnailUrl":"https:\/\/isen.es\/wp-content\/uploads\/2021\/07\/BANNER-oposiciones-min.png","datePublished":"2021-07-16T17:26:16+00:00","dateModified":"2021-09-05T20:30:20+00:00","description":"Cuerpo de Maestros, prep\u00e1rate con los expertos, modalidad presencial y online, materiales y recursos propios en un ambiente universitario.","breadcrumb":{"@id":"https:\/\/isen.es\/isen-preparacion-oposiciones\/#breadcrumb"},"inLanguage":"en-GB","potentialAction":[{"@type":"ReadAction","target":["https:\/\/isen.es\/isen-preparacion-oposiciones\/"]}]},{"@type":"ImageObject","inLanguage":"en-GB","@id":"https:\/\/isen.es\/isen-preparacion-oposiciones\/#primaryimage","url":"https:\/\/isen.es\/wp-content\/uploads\/2021\/07\/BANNER-oposiciones-min.png","contentUrl":"https:\/\/isen.es\/wp-content\/uploads\/2021\/07\/BANNER-oposiciones-min.png","width":2240,"height":1260},{"@type":"BreadcrumbList","@id":"https:\/\/isen.es\/isen-preparacion-oposiciones\/#breadcrumb","itemListElement":[{"@type":"ListItem","position":1,"name":"Portada","item":"https:\/\/isen.es\/"},{"@type":"ListItem","position":2,"name":"ISEN PREPARACI\u00d3N OPOSICIONES"}]},{"@type":"WebSite","@id":"https:\/\/isen.es\/#website","url":"https:\/\/isen.es\/","name":"ISEN Centro Universitario","description":"Facultad Adscrita a la Universidad de Murcia","publisher":{"@id":"https:\/\/isen.es\/#organization"},"potentialAction":[{"@type":"SearchAction","target":{"@type":"EntryPoint","urlTemplate":"https:\/\/isen.es\/?s={search_term_string}"},"query-input":{"@type":"PropertyValueSpecification","valueRequired":true,"valueName":"search_term_string"}}],"inLanguage":"en-GB"},{"@type":"Organization","@id":"https:\/\/isen.es\/#organization","name":"ISEN Centro Universitario","url":"https:\/\/isen.es\/","logo":{"@type":"ImageObject","inLanguage":"en-GB","@id":"https:\/\/isen.es\/#\/schema\/logo\/image\/","url":"https:\/\/isen.es\/wp-content\/uploads\/2021\/05\/favicon-isen.png","contentUrl":"https:\/\/isen.es\/wp-content\/uploads\/2021\/05\/favicon-isen.png","width":512,"height":512,"caption":"ISEN Centro Universitario"},"image":{"@id":"https:\/\/isen.es\/#\/schema\/logo\/image\/"}}]}},"_links":{"self":[{"href":"https:\/\/isen.es\/en\/wp-json\/wp\/v2\/pages\/3231","targetHints":{"allow":["GET"]}}],"collection":[{"href":"https:\/\/isen.es\/en\/wp-json\/wp\/v2\/pages"}],"about":[{"href":"https:\/\/isen.es\/en\/wp-json\/wp\/v2\/types\/page"}],"author":[{"embeddable":true,"href":"https:\/\/isen.es\/en\/wp-json\/wp\/v2\/users\/2"}],"replies":[{"embeddable":true,"href":"https:\/\/isen.es\/en\/wp-json\/wp\/v2\/comments?post=3231"}],"version-history":[{"count":15,"href":"https:\/\/isen.es\/en\/wp-json\/wp\/v2\/pages\/3231\/revisions"}],"predecessor-version":[{"id":3297,"href":"https:\/\/isen.es\/en\/wp-json\/wp\/v2\/pages\/3231\/revisions\/3297"}],"wp:featuredmedia":[{"embeddable":true,"href":"https:\/\/isen.es\/en\/wp-json\/wp\/v2\/media\/3249"}],"wp:attachment":[{"href":"https:\/\/isen.es\/en\/wp-json\/wp\/v2\/media?parent=3231"}],"curies":[{"name":"wp","href":"https:\/\/api.w.org\/{rel}","templated":true}]}}